{"id":10,"date":"2020-03-16T18:15:34","date_gmt":"2020-03-16T18:15:34","guid":{"rendered":"https:\/\/tatjana-haeuselmann.ch\/real-sek-aarberg\/?page_id=10"},"modified":"2026-04-17T11:44:38","modified_gmt":"2026-04-17T11:44:38","slug":"home","status":"publish","type":"page","link":"https:\/\/realsekaarberg.ch\/","title":{"rendered":"Home"},"content":{"rendered":"\t\t<div data-elementor-type=\"wp-page\" data-elementor-id=\"10\" class=\"elementor elementor-10\">\n\t\t\t\t\t\t<section class=\"elementor-section elementor-top-section elementor-element elementor-element-5441f5ee elementor-section-boxed elementor-section-height-default elementor-section-height-default\" data-id=\"5441f5ee\" data-element_type=\"section\" data-e-type=\"section\">\n\t\t\t\t\t\t<div class=\"elementor-container elementor-column-gap-default\">\n\t\t\t\t\t<div class=\"elementor-column elementor-col-100 elementor-top-column elementor-element elementor-element-37ae3b9e\" data-id=\"37ae3b9e\" data-element_type=\"column\" data-e-type=\"column\">\n\t\t\t<div class=\"elementor-widget-wrap elementor-element-populated\">\n\t\t\t\t\t\t<div class=\"elementor-element elementor-element-d7a0faa elementor-widget elementor-widget-text-editor\" data-id=\"d7a0faa\" data-element_type=\"widget\" data-e-type=\"widget\" data-widget_type=\"text-editor.default\">\n\t\t\t\t<div class=\"elementor-widget-container\">\n\t\t\t\t\t\t\t\t\t<p><strong>Real- und Sekundarschule,\u00a0B\u00fcrenstrasse 8,\u00a0CH-3270 Aarberg<\/strong><\/p>\t\t\t\t\t\t\t\t<\/div>\n\t\t\t\t<\/div>\n\t\t\t\t<div class=\"elementor-element elementor-element-23238f6 elementor-widget elementor-widget-image\" data-id=\"23238f6\" data-element_type=\"widget\" data-e-type=\"widget\" data-widget_type=\"image.default\">\n\t\t\t\t<div class=\"elementor-widget-container\">\n\t\t\t\t\t\t\t\t\t\t\t\t\t\t\t<img fetchpriority=\"high\" decoding=\"async\" width=\"1100\" height=\"450\" src=\"https:\/\/realsekaarberg.ch\/wp-content\/uploads\/2022\/06\/Eingang_1_25-1.jpg\" class=\"attachment-full size-full wp-image-2357\" alt=\"\" srcset=\"https:\/\/realsekaarberg.ch\/wp-content\/uploads\/2022\/06\/Eingang_1_25-1.jpg 1100w, https:\/\/realsekaarberg.ch\/wp-content\/uploads\/2022\/06\/Eingang_1_25-1-300x123.jpg 300w, https:\/\/realsekaarberg.ch\/wp-content\/uploads\/2022\/06\/Eingang_1_25-1-1024x419.jpg 1024w, https:\/\/realsekaarberg.ch\/wp-content\/uploads\/2022\/06\/Eingang_1_25-1-768x314.jpg 768w, https:\/\/realsekaarberg.ch\/wp-content\/uploads\/2022\/06\/Eingang_1_25-1-800x327.jpg 800w\" sizes=\"(max-width: 1100px) 100vw, 1100px\" \/>\t\t\t\t\t\t\t\t\t\t\t\t\t\t\t<\/div>\n\t\t\t\t<\/div>\n\t\t\t\t\t<\/div>\n\t\t<\/div>\n\t\t\t\t\t<\/div>\n\t\t<\/section>\n\t\t\t\t<section class=\"elementor-section elementor-top-section elementor-element elementor-element-2c0a4ee elementor-section-boxed elementor-section-height-default elementor-section-height-default\" data-id=\"2c0a4ee\" data-element_type=\"section\" data-e-type=\"section\">\n\t\t\t\t\t\t<div class=\"elementor-container elementor-column-gap-default\">\n\t\t\t\t\t<div class=\"elementor-column elementor-col-33 elementor-top-column elementor-element elementor-element-7c302ac\" data-id=\"7c302ac\" data-element_type=\"column\" data-e-type=\"column\">\n\t\t\t<div class=\"elementor-widget-wrap elementor-element-populated\">\n\t\t\t\t\t\t<div class=\"elementor-element elementor-element-ea1c159 elementor-position-inline-start elementor-view-default elementor-mobile-position-block-start elementor-widget elementor-widget-icon-box\" data-id=\"ea1c159\" data-element_type=\"widget\" data-e-type=\"widget\" data-widget_type=\"icon-box.default\">\n\t\t\t\t<div class=\"elementor-widget-container\">\n\t\t\t\t\t\t\t<div class=\"elementor-icon-box-wrapper\">\n\n\t\t\t\t\t\t<div class=\"elementor-icon-box-icon\">\n\t\t\t\t<span  class=\"elementor-icon\">\n\t\t\t\t<i aria-hidden=\"true\" class=\"fas fa-phone-alt\"><\/i>\t\t\t\t<\/span>\n\t\t\t<\/div>\n\t\t\t\n\t\t\t\t\t\t<div class=\"elementor-icon-box-content\">\n\n\t\t\t\t\t\t\t\t\t<p class=\"elementor-icon-box-title\">\n\t\t\t\t\t\t<span  >\n\t\t\t\t\t\t\tSekretariat: +41 32 392 62 82\t\t\t\t\t\t<\/span>\n\t\t\t\t\t<\/p>\n\t\t\t\t\n\t\t\t\t\t\t\t\t\t<p class=\"elementor-icon-box-description\">\n\t\t\t\t\t\tvormittags 07.15 - 11.00 Uhr\t\t\t\t\t<\/p>\n\t\t\t\t\n\t\t\t<\/div>\n\t\t\t\n\t\t<\/div>\n\t\t\t\t\t\t<\/div>\n\t\t\t\t<\/div>\n\t\t\t\t<div class=\"elementor-element elementor-element-0104152 elementor-position-inline-start elementor-view-default elementor-mobile-position-block-start elementor-widget elementor-widget-icon-box\" data-id=\"0104152\" data-element_type=\"widget\" data-e-type=\"widget\" data-widget_type=\"icon-box.default\">\n\t\t\t\t<div class=\"elementor-widget-container\">\n\t\t\t\t\t\t\t<div class=\"elementor-icon-box-wrapper\">\n\n\t\t\t\t\t\t<div class=\"elementor-icon-box-icon\">\n\t\t\t\t<a href=\"mailto:sekretariat@realsekaarberg.ch\" class=\"elementor-icon\" tabindex=\"-1\" aria-label=\"sekretariat@realsekaarberg.ch\">\n\t\t\t\t<i aria-hidden=\"true\" class=\"far fa-envelope\"><\/i>\t\t\t\t<\/a>\n\t\t\t<\/div>\n\t\t\t\n\t\t\t\t\t\t<div class=\"elementor-icon-box-content\">\n\n\t\t\t\t\t\t\t\t\t<p class=\"elementor-icon-box-title\">\n\t\t\t\t\t\t<a href=\"mailto:sekretariat@realsekaarberg.ch\" >\n\t\t\t\t\t\t\tsekretariat@realsekaarberg.ch\t\t\t\t\t\t<\/a>\n\t\t\t\t\t<\/p>\n\t\t\t\t\n\t\t\t\t\n\t\t\t<\/div>\n\t\t\t\n\t\t<\/div>\n\t\t\t\t\t\t<\/div>\n\t\t\t\t<\/div>\n\t\t\t\t\t<\/div>\n\t\t<\/div>\n\t\t\t\t<div class=\"elementor-column elementor-col-33 elementor-top-column elementor-element elementor-element-4d73583\" data-id=\"4d73583\" data-element_type=\"column\" data-e-type=\"column\">\n\t\t\t<div class=\"elementor-widget-wrap elementor-element-populated\">\n\t\t\t\t\t\t<div class=\"elementor-element elementor-element-621bd03 elementor-position-inline-start elementor-view-default elementor-mobile-position-block-start elementor-widget elementor-widget-icon-box\" data-id=\"621bd03\" data-element_type=\"widget\" data-e-type=\"widget\" data-widget_type=\"icon-box.default\">\n\t\t\t\t<div class=\"elementor-widget-container\">\n\t\t\t\t\t\t\t<div class=\"elementor-icon-box-wrapper\">\n\n\t\t\t\t\t\t<div class=\"elementor-icon-box-icon\">\n\t\t\t\t<span  class=\"elementor-icon\">\n\t\t\t\t<i aria-hidden=\"true\" class=\"fas fa-phone-alt\"><\/i>\t\t\t\t<\/span>\n\t\t\t<\/div>\n\t\t\t\n\t\t\t\t\t\t<div class=\"elementor-icon-box-content\">\n\n\t\t\t\t\t\t\t\t\t<p class=\"elementor-icon-box-title\">\n\t\t\t\t\t\t<span  >\n\t\t\t\t\t\t\tSchulleitung: +41 32 392 22 73\t\t\t\t\t\t<\/span>\n\t\t\t\t\t<\/p>\n\t\t\t\t\n\t\t\t\t\t\t\t\t\t<p class=\"elementor-icon-box-description\">\n\t\t\t\t\t\tzu B\u00fcrozeiten\t\t\t\t\t<\/p>\n\t\t\t\t\n\t\t\t<\/div>\n\t\t\t\n\t\t<\/div>\n\t\t\t\t\t\t<\/div>\n\t\t\t\t<\/div>\n\t\t\t\t<div class=\"elementor-element elementor-element-6d795b6 elementor-position-inline-start elementor-view-default elementor-mobile-position-block-start elementor-widget elementor-widget-icon-box\" data-id=\"6d795b6\" data-element_type=\"widget\" data-e-type=\"widget\" data-widget_type=\"icon-box.default\">\n\t\t\t\t<div class=\"elementor-widget-container\">\n\t\t\t\t\t\t\t<div class=\"elementor-icon-box-wrapper\">\n\n\t\t\t\t\t\t<div class=\"elementor-icon-box-icon\">\n\t\t\t\t<a href=\"mailto:schulleitung@realsekaarberg.ch\" class=\"elementor-icon\" tabindex=\"-1\" aria-label=\"schulleitung@realsekaarberg.ch\">\n\t\t\t\t<i aria-hidden=\"true\" class=\"far fa-envelope\"><\/i>\t\t\t\t<\/a>\n\t\t\t<\/div>\n\t\t\t\n\t\t\t\t\t\t<div class=\"elementor-icon-box-content\">\n\n\t\t\t\t\t\t\t\t\t<p class=\"elementor-icon-box-title\">\n\t\t\t\t\t\t<a href=\"mailto:schulleitung@realsekaarberg.ch\" >\n\t\t\t\t\t\t\tschulleitung@realsekaarberg.ch\t\t\t\t\t\t<\/a>\n\t\t\t\t\t<\/p>\n\t\t\t\t\n\t\t\t\t\n\t\t\t<\/div>\n\t\t\t\n\t\t<\/div>\n\t\t\t\t\t\t<\/div>\n\t\t\t\t<\/div>\n\t\t\t\t\t<\/div>\n\t\t<\/div>\n\t\t\t\t<div class=\"elementor-column elementor-col-33 elementor-top-column elementor-element elementor-element-67485ca\" data-id=\"67485ca\" data-element_type=\"column\" data-e-type=\"column\">\n\t\t\t<div class=\"elementor-widget-wrap elementor-element-populated\">\n\t\t\t\t\t\t<div class=\"elementor-element elementor-element-9056dec elementor-position-inline-start elementor-view-default elementor-mobile-position-block-start elementor-widget elementor-widget-icon-box\" data-id=\"9056dec\" data-element_type=\"widget\" data-e-type=\"widget\" data-widget_type=\"icon-box.default\">\n\t\t\t\t<div class=\"elementor-widget-container\">\n\t\t\t\t\t\t\t<div class=\"elementor-icon-box-wrapper\">\n\n\t\t\t\t\t\t<div class=\"elementor-icon-box-icon\">\n\t\t\t\t<span  class=\"elementor-icon\">\n\t\t\t\t<i aria-hidden=\"true\" class=\"fas fa-phone-alt\"><\/i>\t\t\t\t<\/span>\n\t\t\t<\/div>\n\t\t\t\n\t\t\t\t\t\t<div class=\"elementor-icon-box-content\">\n\n\t\t\t\t\t\t\t\t\t<p class=\"elementor-icon-box-title\">\n\t\t\t\t\t\t<span  >\n\t\t\t\t\t\t\tLehrerzimmer: +41 32 392 22 17\t\t\t\t\t\t<\/span>\n\t\t\t\t\t<\/p>\n\t\t\t\t\n\t\t\t\t\n\t\t\t<\/div>\n\t\t\t\n\t\t<\/div>\n\t\t\t\t\t\t<\/div>\n\t\t\t\t<\/div>\n\t\t\t\t\t<\/div>\n\t\t<\/div>\n\t\t\t\t\t<\/div>\n\t\t<\/section>\n\t\t\t\t<section class=\"elementor-section elementor-top-section elementor-element elementor-element-18fd2b0 elementor-section-boxed elementor-section-height-default elementor-section-height-default\" data-id=\"18fd2b0\" data-element_type=\"section\" data-e-type=\"section\">\n\t\t\t\t\t\t<div class=\"elementor-container elementor-column-gap-default\">\n\t\t\t\t\t<div class=\"elementor-column elementor-col-100 elementor-top-column elementor-element elementor-element-5b03ada\" data-id=\"5b03ada\" data-element_type=\"column\" data-e-type=\"column\">\n\t\t\t<div class=\"elementor-widget-wrap elementor-element-populated\">\n\t\t\t\t\t\t<div class=\"elementor-element elementor-element-5e9bc6b elementor-widget elementor-widget-text-editor\" data-id=\"5e9bc6b\" data-element_type=\"widget\" data-e-type=\"widget\" data-widget_type=\"text-editor.default\">\n\t\t\t\t<div class=\"elementor-widget-container\">\n\t\t\t\t\t\t\t\t\t<h1>Die praktische Schule &#8211; Willkommen auf unserer Homepage!<\/h1><p><span style=\"font-size: 15px; font-weight: 400; letter-spacing: 0px;\">Wir sind eine <\/span><a style=\"font-size: 15px; letter-spacing: 0px;\" href=\"https:\/\/www.phbern.ch\/ueber-die-phbern\/partnerschulen\">Partnerschule der PH Bern. \u00a0 \u00a0 \u00a0 \u00a0 \u00a0 \u00a0 \u00a0 \u00a0 \u00a0 \u00a0<\/a><span style=\"font-size: 15px; font-weight: 400; letter-spacing: 0px;\">Letztes Update: 17.4.2026<\/span><\/p><p>\u00a0<\/p><p>Herzlich willkommen zum 4. Quartal des Schuljahres 25\/26. Wir starten am Montag, dem 20. April 2026, nach Stundenplan.<br \/><br \/>Die zweite <a href=\"https:\/\/realsekaarberg.ch\/wp-content\/uploads\/2025\/12\/Zeitung_1_25_26.pdf\">Sch\u00fclerzeitung<\/a> vom Schuljahr 2025\/26 ist erschienen!\u00a0<\/p><p>\u00a0<\/p><p>Erste <a href=\"https:\/\/realsekaarberg.ch\/wp-content\/uploads\/2026\/03\/Info_1_Sporttag_26-definitiv.pdf\">Information zum Sporttag<\/a> vom 2. Juni 2026<\/p><p>\u00a0<\/p><p>Das <a href=\"https:\/\/realsekaarberg.ch\/wp-content\/uploads\/2026\/02\/Infoblatt_66_Feb_26.pdf\">Infoblatt<\/a> ist online!\u00a0<\/p><p><a href=\"https:\/\/realsekaarberg.ch\/wp-content\/uploads\/2026\/03\/Elternverein-VapeHype.jpg\">Elternreferat &#171;Vape Hype&#187;<\/a> am 20.5.26<\/p><p>Information zur <a href=\"https:\/\/realsekaarberg.ch\/wp-content\/uploads\/2026\/01\/Information_Realklassen_OSZ_Aarberg2026.pdf\">Reorganisation der Mehrjahrgangsklassen<\/a> ab Sommer 2026<\/p><p><strong><a href=\"https:\/\/realsekaarberg.ch\/wp-content\/uploads\/2026\/01\/Anleitung-Anmeldung_Sek2-1.pdf\">Anleitung Bedienung Portal Anmeldung Mittelschulen <\/a><\/strong>(wird laufend erneuert!)<\/p><p>Informationen zur Berufswahl: <a href=\"https:\/\/realsekaarberg.ch\/wp-content\/uploads\/2025\/06\/Info-Elternbrief-BWW-Schulleitung-Homepage.pdf\">Elternbrief der 8.Klassen<\/a><\/p><p><!-- \/wp:paragraph --><\/p>\t\t\t\t\t\t\t\t<\/div>\n\t\t\t\t<\/div>\n\t\t\t\t<div class=\"elementor-element elementor-element-d58cb31 elementor-widget elementor-widget-text-editor\" data-id=\"d58cb31\" data-element_type=\"widget\" data-e-type=\"widget\" data-widget_type=\"text-editor.default\">\n\t\t\t\t<div class=\"elementor-widget-container\">\n\t\t\t\t\t\t\t\t\t<h4><strong><img decoding=\"async\" class=\"alignnone size-full wp-image-273 lazyload\" data-src=\"https:\/\/tatjana-haeuselmann.ch\/real-sek-aarberg\/wp-content\/uploads\/2020\/11\/Teich_Spiegelung.jpg\" alt=\"\" width=\"1100\" height=\"184\" data-srcset=\"https:\/\/realsekaarberg.ch\/wp-content\/uploads\/2020\/11\/Teich_Spiegelung.jpg 1100w, https:\/\/realsekaarberg.ch\/wp-content\/uploads\/2020\/11\/Teich_Spiegelung-300x50.jpg 300w, https:\/\/realsekaarberg.ch\/wp-content\/uploads\/2020\/11\/Teich_Spiegelung-1024x171.jpg 1024w, https:\/\/realsekaarberg.ch\/wp-content\/uploads\/2020\/11\/Teich_Spiegelung-768x128.jpg 768w, https:\/\/realsekaarberg.ch\/wp-content\/uploads\/2020\/11\/Teich_Spiegelung-800x134.jpg 800w\" data-sizes=\"(max-width: 1100px) 100vw, 1100px\" src=\"data:image\/svg+xml;base64,PHN2ZyB3aWR0aD0iMSIgaGVpZ2h0PSIxIiB4bWxucz0iaHR0cDovL3d3dy53My5vcmcvMjAwMC9zdmciPjwvc3ZnPg==\" style=\"--smush-placeholder-width: 1100px; --smush-placeholder-aspect-ratio: 1100\/184;\" \/>Die n\u00e4chsten Termine:<\/strong><span style=\"font-size: 1rem;\"><br \/><\/span><br \/><strong>Fr\u00fchlingsferien:<\/strong> Fr, 3.4. &#8211; So, 19.4.26<br \/><strong>Lueg h\u00e4re! <\/strong>Di, 28.4.26 f\u00fcr alle 7.Klassen<br \/><strong>Auffahrtsbr\u00fccke:<\/strong> Fr, 15.5.26, frei f\u00fcr alle<br \/><strong>Marburg-Austausch:<\/strong> 18.5. &#8211; 23.5.26<br \/><strong>Sporttag:<\/strong> Di, 2.6.2026<br \/><strong>Schulschlussfest:<\/strong> Mo, 29.6.2026<br \/><strong>Schulschluss:<\/strong> Do, 2.7.2026<br \/><strong>Sommerferien:<\/strong> Fr, 3.7. &#8211; 9.8.26<\/h4><h4>Mehr zu den weiteren Terminen auch unter <a href=\"https:\/\/realsekaarberg.ch\/index.php\/termine-unterricht\/\" target=\"_blank\" rel=\"noopener\">Termine\/ Unterricht<\/a><\/h4><p><!-- \/wp:paragraph --><\/p>\t\t\t\t\t\t\t\t<\/div>\n\t\t\t\t<\/div>\n\t\t\t\t\t<\/div>\n\t\t<\/div>\n\t\t\t\t\t<\/div>\n\t\t<\/section>\n\t\t\t\t<\/div>\n\t\t","protected":false},"excerpt":{"rendered":"<p>Real- und Sekundarschule,\u00a0B\u00fcrenstrasse 8,\u00a0CH-3270 Aarberg Sekretariat: +41 32 392 62 82 vormittags 07.15 &#8211; 11.00 Uhr sekretariat@realsekaarberg.ch Schulleitung: +41 32 392 22 73 zu B\u00fcrozeiten schulleitung@realsekaarberg.ch Lehrerzimmer: +41 32 392 22 17 Die praktische Schule &#8211; Willkommen auf unserer Homepage! Wir sind eine Partnerschule der PH Bern. \u00a0 \u00a0 \u00a0 \u00a0 \u00a0 \u00a0 \u00a0 \u00a0 \u00a0 \u00a0Letztes Update: 17.4.2026 \u00a0 Herzlich willkommen zum 4. Quartal des Schuljahres 25\/26. Wir starten am Montag, dem 20. April 2026, nach Stundenplan. Die zweite Sch\u00fclerzeitung vom Schuljahr 2025\/26 ist erschienen!\u00a0 \u00a0 Erste Information zum Sporttag vom 2. Juni 2026 \u00a0 Das Infoblatt ist online!\u00a0 Elternreferat &#171;Vape Hype&#187; am 20.5.26 Information zur Reorganisation der Mehrjahrgangsklassen ab Sommer 2026 Anleitung Bedienung Portal Anmeldung Mittelschulen (wird laufend erneuert!) Informationen zur Berufswahl: Elternbrief der 8.Klassen Die n\u00e4chsten Termine: Fr\u00fchlingsferien: Fr, 3.4. &#8211; So, 19.4.26Lueg h\u00e4re! Di, 28.4.26 f\u00fcr alle 7.KlassenAuffahrtsbr\u00fccke: Fr, 15.5.26, frei f\u00fcr alleMarburg-Austausch: 18.5. &#8211; 23.5.26Sporttag: Di, 2.6.2026Schulschlussfest: Mo, 29.6.2026Schulschluss: Do, 2.7.2026Sommerferien: Fr, 3.7. &#8211; 9.8.26 Mehr zu den weiteren Terminen auch unter Termine\/ Unterricht<\/p>\n","protected":false},"author":1,"featured_media":0,"parent":0,"menu_order":1,"comment_status":"closed","ping_status":"closed","template":"","meta":{"footnotes":""},"class_list":["post-10","page","type-page","status-publish","hentry"],"_links":{"self":[{"href":"https:\/\/realsekaarberg.ch\/index.php\/wp-json\/wp\/v2\/pages\/10","targetHints":{"allow":["GET"]}}],"collection":[{"href":"https:\/\/realsekaarberg.ch\/index.php\/wp-json\/wp\/v2\/pages"}],"about":[{"href":"https:\/\/realsekaarberg.ch\/index.php\/wp-json\/wp\/v2\/types\/page"}],"author":[{"embeddable":true,"href":"https:\/\/realsekaarberg.ch\/index.php\/wp-json\/wp\/v2\/users\/1"}],"replies":[{"embeddable":true,"href":"https:\/\/realsekaarberg.ch\/index.php\/wp-json\/wp\/v2\/comments?post=10"}],"version-history":[{"count":2062,"href":"https:\/\/realsekaarberg.ch\/index.php\/wp-json\/wp\/v2\/pages\/10\/revisions"}],"predecessor-version":[{"id":4634,"href":"https:\/\/realsekaarberg.ch\/index.php\/wp-json\/wp\/v2\/pages\/10\/revisions\/4634"}],"wp:attachment":[{"href":"https:\/\/realsekaarberg.ch\/index.php\/wp-json\/wp\/v2\/media?parent=10"}],"curies":[{"name":"wp","href":"https:\/\/api.w.org\/{rel}","templated":true}]}}