{"id":251,"date":"2020-11-04T19:15:56","date_gmt":"2020-11-04T19:15:56","guid":{"rendered":"https:\/\/tatjana-haeuselmann.ch\/real-sek-aarberg\/?page_id=251"},"modified":"2026-01-09T13:40:12","modified_gmt":"2026-01-09T13:40:12","slug":"links","status":"publish","type":"page","link":"https:\/\/realsekaarberg.ch\/index.php\/downloads\/links\/","title":{"rendered":"Links"},"content":{"rendered":"\t\t<div data-elementor-type=\"wp-page\" data-elementor-id=\"251\" class=\"elementor elementor-251\">\n\t\t\t\t\t\t<section class=\"elementor-section elementor-top-section elementor-element elementor-element-1483a75 elementor-section-boxed elementor-section-height-default elementor-section-height-default\" data-id=\"1483a75\" data-element_type=\"section\" data-e-type=\"section\">\n\t\t\t\t\t\t<div class=\"elementor-container elementor-column-gap-default\">\n\t\t\t\t\t<div class=\"elementor-column elementor-col-100 elementor-top-column elementor-element elementor-element-43ce2ed\" data-id=\"43ce2ed\" data-element_type=\"column\" data-e-type=\"column\">\n\t\t\t<div class=\"elementor-widget-wrap elementor-element-populated\">\n\t\t\t\t\t\t<div class=\"elementor-element elementor-element-15cea88 elementor-widget elementor-widget-text-editor\" data-id=\"15cea88\" data-element_type=\"widget\" data-e-type=\"widget\" data-widget_type=\"text-editor.default\">\n\t\t\t\t<div class=\"elementor-widget-container\">\n\t\t\t\t\t\t\t\t\t<h2 style=\"margin-top: 1.71429rem; margin-bottom: 1.71429rem; font-size: 1.28571rem;\"><strong>Links zur Bildung<\/strong><\/h2><p><strong>Berufsberatung und Berufswahl<\/strong><\/p><p><a style=\"font-size: 15px;\" href=\"https:\/\/www.biz.bkd.be.ch\/de\/start.html\" target=\"_blank\" rel=\"noreferrer noopener\">Bereich Berufsberatung der Bildungsdirektion (Hilfen allg., Adressen, Merkbl\u00e4tter&#8230;)<\/a><br \/><a style=\"font-size: 15px;\" href=\"http:\/\/www.berufsberatung.ch\/\" target=\"_blank\" rel=\"noreferrer noopener\">Berufsberatung.ch: MyBerufswahl &#8211; Lehrstellen und Berufsberatung schweizweit<\/a><br \/><a style=\"font-size: 15px;\" href=\"https:\/\/www.lena-public.apps.be.ch\/Lehrbetriebslisten.aspx\" target=\"_blank\" rel=\"noreferrer noopener\">Noch keine Lehrstelle? Hier zum Lehrstellennachweis Bern<\/a><br \/><a style=\"font-size: 15px;\" href=\"http:\/\/myoda.ch\/\" target=\"_blank\" rel=\"noreferrer noopener\">Praktikas in Gesundheitsberufen unter myoda<\/a><br \/><a style=\"font-size: 15px;\" href=\"http:\/\/www.anforderungsprofile.ch\/\" target=\"_blank\" rel=\"noreferrer noopener\">Berufsanforderungsprofile<\/a><br \/><a style=\"font-size: 15px;\" href=\"https:\/\/www.bkd.be.ch\/de\/start\/themen\/bildung-im-kanton-bern\/berufsbildung.html\" target=\"_blank\" rel=\"noreferrer noopener\">Berufsbildung auf der HP der Bildungsdirektion<\/a><br \/><a href=\"https:\/\/www.bbb.bkd.be.ch\/de\/start\/hintergrund\/komperenzraster_so_gelingt_der_start_in_der_berufsfachschule.html\">Kompetenzraster: Grundlagen<\/a><br \/><a href=\"https:\/\/www.bkd-kompetenzraster-ktbern.ch\/#\/\">Kompetenzraster versch. Berufe<\/a><\/p><p><a style=\"font-size: 15px;\" href=\"http:\/\/www.idm.ch\/berufe\/\" target=\"_blank\" rel=\"noreferrer noopener\">verlangte Kompetenzen in verschiedenen Berufen (BBZ Thun)<\/a><\/p><p><strong><br \/>Zwischenjahre und Br\u00fcckenangebote<\/strong><\/p><p><a style=\"font-size: 15px;\" href=\"https:\/\/www.bkd.be.ch\/de\/start\/themen\/bildung-im-kanton-bern\/berufsbildung\/brueckenangebote\/berufsvorbereitendes-schuljahr.html\" target=\"_blank\" rel=\"noreferrer noopener\">Homepagebereich zum 10. Schuljahr BVS bei der Bildungsdirektion<\/a><\/p><p><a style=\"font-size: 15px;\" href=\"https:\/\/www.bkd.be.ch\/de\/start\/themen\/bildung-im-kanton-bern\/berufsbildung\/brueckenangebote.html\" target=\"_blank\" rel=\"noreferrer noopener\">&#171;Br\u00fcckenangebote&#187; im Kanton Bern nach der Schule<\/a><\/p><p style=\"font-size: 15px; line-height: 1.71429;\"><b><br \/>Mittelschulen<\/b><\/p><p style=\"font-size: 15px; line-height: 1.71429;\"><a style=\"font-size: 15px;\" href=\"https:\/\/www.bkd.be.ch\/de\/start\/dienstleistungen\/anmeldung-fuer-die-bildungsgaenge-der-sekundarstufe-2.html\" target=\"_blank\" rel=\"noreferrer noopener\"><span style=\"font-weight: bolder; font-size: 15px;\">Informations- und Startseite zum Anmeldeportal Mittelschulen<\/span><\/a>\u00a0bei der Bildungsdirektion.<\/p><p><a href=\"https:\/\/realsekaarberg.ch\/wp-content\/uploads\/2025\/08\/1_25_Info_MS_8._9.pdf\">Mittelschulen: Informationen 2025\/2026<\/a><\/p><p style=\"font-size: 15px; line-height: 1.71429;\"><strong><a href=\"https:\/\/realsekaarberg.ch\/wp-content\/uploads\/2026\/01\/Anleitung-Anmeldung_Sek2-1.pdf\">Anleitung Bedienung Portal Anmeldung Mittelschulen <\/a><\/strong>(wird laufend erneuert!)<\/p><p style=\"font-size: 15px; line-height: 1.71429;\"><a style=\"font-size: 15px;\" href=\"https:\/\/www.bkd.be.ch\/de\/start\/themen\/bildung-im-kanton-bern\/mittelschulen.html\" target=\"_blank\" rel=\"noreferrer noopener\">Bildungsdirektion- Bereich Mittelschulen<\/a><br \/><a style=\"font-size: 15px;\" href=\"https:\/\/www.bkd.be.ch\/de\/start\/themen\/bildung-im-kanton-bern\/mittelschulen\/gymnasium\/aufnahmeverfahren-gymnasium\/aufgaben-und-loesungen-aufnahmepruefungen-gymnasium.html\" target=\"_blank\" rel=\"noreferrer noopener\">alte Aufnahmepr\u00fcfungen Gym1<\/a><br \/><a style=\"font-size: 15px;\" href=\"https:\/\/bwdbern.ch\/wmb\/ausbildung\/aufnahme\/alte-aufnahmepruefungen-ab-2015\/\" target=\"_blank\" rel=\"noreferrer noopener\">alte Aufnahmepr\u00fcfungen Wirtschaftsmittelschule Bern WMB<\/a><br \/><a style=\"font-size: 15px;\" href=\"https:\/\/www.gbsl.ch\/wms\/informationen-wms\/dokumente\/\" target=\"_blank\" rel=\"noreferrer noopener\">alte Aufnahmepr\u00fcfungen Wirtschaftsmittelschule Biel WMB<\/a><\/p><p><strong><br \/>Erziehungsberatungen<\/strong><\/p><p style=\"font-size: 15px; line-height: 1.71429;\"><a style=\"font-size: 15px;\" href=\"https:\/\/www.eb.bkd.be.ch\/de\/start.html\" target=\"_blank\" rel=\"noreferrer noopener\">Homepage der Erziehungsberatungen BE<\/a><\/p><h2 style=\"margin-top: 1.71429rem; margin-bottom: 1.71429rem; font-size: 1.28571rem;\"><strong>Links zum Lernen, \u00dcben und Forschen<\/strong><\/h2><p style=\"font-size: 15px; line-height: 1.71429;\"><a style=\"font-size: 15px;\" href=\"https:\/\/serv88919410.secure-node.at\/\" target=\"_blank\" rel=\"noreferrer noopener\">Zugang clin d&#8217;oeil<\/a><br \/><a style=\"font-size: 15px;\" href=\"http:\/\/www.stellwerk-check.ch\/\" target=\"_blank\" rel=\"noreferrer noopener\">Stellwerk Testplattform<\/a><br \/><a style=\"font-size: 15px;\" href=\"http:\/\/www.sikore.schiffner-tischer.de\/?lang=de\" target=\"_blank\" rel=\"noreferrer noopener\">Sicher Kopfrechnen<\/a><br \/><a style=\"font-size: 15px;\" href=\"http:\/\/www.mathbuch.info\/\" target=\"_blank\" rel=\"noreferrer noopener\">Zugang mathbuch<\/a><\/p><p><a href=\"https:\/\/www.bkd-kompetenzraster-ktbern.ch\/#\/\">Mathematikanforderungen f\u00fcr verschiedene Berufe<\/a><\/p><h2 style=\"margin-top: 1.71429rem; margin-bottom: 1.71429rem; font-size: 1.28571rem;\"><strong>Diverse Links<\/strong><\/h2><p style=\"font-size: 15px; line-height: 1.71429;\"><a style=\"font-size: 15px;\" href=\"http:\/\/www.147.ch\/\" target=\"_blank\" rel=\"noreferrer noopener\">SOS-Telefon 147 f\u00fcr Jugendliche der Pro Juventute<\/a><br \/><a style=\"font-size: 15px;\" href=\"http:\/\/frageinfach.ch\/\" target=\"_blank\" rel=\"noreferrer noopener\">Frag einfach! Link f\u00fcr Jugendliche<\/a><\/p><p style=\"font-size: 15px; line-height: 1.71429;\"><a style=\"font-size: 15px;\" href=\"http:\/\/schulsport-aarberg.jimdo.com\/\" target=\"_blank\" rel=\"noreferrer noopener\">Homepage des Aarberger Schulsports<\/a><\/p><p style=\"font-size: 15px; line-height: 1.71429;\"><a style=\"font-size: 15px;\" href=\"http:\/\/www.ms-aarberg.ch\/\" target=\"_blank\" rel=\"noreferrer noopener\">Homepage der Musikschule Aarberg<\/a><\/p><p><a style=\"font-size: 15px;\" href=\"https:\/\/www.aarberg.ch\/de\/vereinsverzeichnis\/detail\/detail.php?i=65\" target=\"_blank\" rel=\"noreferrer noopener\">Infos zum Jugendraum Aarberg<\/a><\/p><p style=\"font-size: 15px; line-height: 1.71429;\"><a style=\"font-size: 15px;\" href=\"http:\/\/elternverein-aarberg.ch\/\" target=\"_blank\" rel=\"noreferrer noopener\">Elterverein Aarberg<\/a><br \/><a style=\"font-size: 15px;\" href=\"https:\/\/kjfs-lyss.ch\" target=\"_blank\" rel=\"noreferrer noopener\">Jugendfachstelle Lyss<\/a><\/p>\t\t\t\t\t\t\t\t<\/div>\n\t\t\t\t<\/div>\n\t\t\t\t\t<\/div>\n\t\t<\/div>\n\t\t\t\t\t<\/div>\n\t\t<\/section>\n\t\t\t\t<\/div>\n\t\t","protected":false},"excerpt":{"rendered":"<p>Links zur Bildung Berufsberatung und Berufswahl Bereich Berufsberatung der Bildungsdirektion (Hilfen allg., Adressen, Merkbl\u00e4tter&#8230;)Berufsberatung.ch: MyBerufswahl &#8211; Lehrstellen und Berufsberatung schweizweitNoch keine Lehrstelle? Hier zum Lehrstellennachweis BernPraktikas in Gesundheitsberufen unter myodaBerufsanforderungsprofileBerufsbildung auf der HP der BildungsdirektionKompetenzraster: GrundlagenKompetenzraster versch. Berufe verlangte Kompetenzen in verschiedenen Berufen (BBZ Thun) Zwischenjahre und Br\u00fcckenangebote Homepagebereich zum 10. Schuljahr BVS bei der Bildungsdirektion &#171;Br\u00fcckenangebote&#187; im Kanton Bern nach der Schule Mittelschulen Informations- und Startseite zum Anmeldeportal Mittelschulen\u00a0bei der Bildungsdirektion. Mittelschulen: Informationen 2025\/2026 Anleitung Bedienung Portal Anmeldung Mittelschulen (wird laufend erneuert!) Bildungsdirektion- Bereich Mittelschulenalte Aufnahmepr\u00fcfungen Gym1alte Aufnahmepr\u00fcfungen Wirtschaftsmittelschule Bern WMBalte Aufnahmepr\u00fcfungen Wirtschaftsmittelschule Biel WMB Erziehungsberatungen Homepage der Erziehungsberatungen BE Links zum Lernen, \u00dcben und Forschen Zugang clin d&#8217;oeilStellwerk TestplattformSicher KopfrechnenZugang mathbuch Mathematikanforderungen f\u00fcr verschiedene Berufe Diverse Links SOS-Telefon 147 f\u00fcr Jugendliche der Pro JuventuteFrag einfach! Link f\u00fcr Jugendliche Homepage des Aarberger Schulsports Homepage der Musikschule Aarberg Infos zum Jugendraum Aarberg Elterverein AarbergJugendfachstelle Lyss<\/p>\n","protected":false},"author":1,"featured_media":0,"parent":104,"menu_order":0,"comment_status":"closed","ping_status":"closed","template":"","meta":{"footnotes":""},"class_list":["post-251","page","type-page","status-publish","hentry"],"_links":{"self":[{"href":"https:\/\/realsekaarberg.ch\/index.php\/wp-json\/wp\/v2\/pages\/251","targetHints":{"allow":["GET"]}}],"collection":[{"href":"https:\/\/realsekaarberg.ch\/index.php\/wp-json\/wp\/v2\/pages"}],"about":[{"href":"https:\/\/realsekaarberg.ch\/index.php\/wp-json\/wp\/v2\/types\/page"}],"author":[{"embeddable":true,"href":"https:\/\/realsekaarberg.ch\/index.php\/wp-json\/wp\/v2\/users\/1"}],"replies":[{"embeddable":true,"href":"https:\/\/realsekaarberg.ch\/index.php\/wp-json\/wp\/v2\/comments?post=251"}],"version-history":[{"count":121,"href":"https:\/\/realsekaarberg.ch\/index.php\/wp-json\/wp\/v2\/pages\/251\/revisions"}],"predecessor-version":[{"id":4535,"href":"https:\/\/realsekaarberg.ch\/index.php\/wp-json\/wp\/v2\/pages\/251\/revisions\/4535"}],"up":[{"embeddable":true,"href":"https:\/\/realsekaarberg.ch\/index.php\/wp-json\/wp\/v2\/pages\/104"}],"wp:attachment":[{"href":"https:\/\/realsekaarberg.ch\/index.php\/wp-json\/wp\/v2\/media?parent=251"}],"curies":[{"name":"wp","href":"https:\/\/api.w.org\/{rel}","templated":true}]}}