{"id":2920,"date":"2023-06-18T12:15:40","date_gmt":"2023-06-18T12:15:40","guid":{"rendered":"https:\/\/realsekaarberg.ch\/?page_id=2920"},"modified":"2026-03-20T06:51:45","modified_gmt":"2026-03-20T06:51:45","slug":"osz-aarberg","status":"publish","type":"page","link":"https:\/\/realsekaarberg.ch\/index.php\/osz-aarberg\/","title":{"rendered":"OSZ Aarberg"},"content":{"rendered":"\t\t<div data-elementor-type=\"wp-page\" data-elementor-id=\"2920\" class=\"elementor elementor-2920\">\n\t\t\t\t\t\t<section class=\"elementor-section elementor-top-section elementor-element elementor-element-e43c5fd elementor-section-boxed elementor-section-height-default elementor-section-height-default\" data-id=\"e43c5fd\" data-element_type=\"section\" data-e-type=\"section\">\n\t\t\t\t\t\t<div class=\"elementor-container elementor-column-gap-default\">\n\t\t\t\t\t<div class=\"elementor-column elementor-col-100 elementor-top-column elementor-element elementor-element-35338c5\" data-id=\"35338c5\" data-element_type=\"column\" data-e-type=\"column\">\n\t\t\t<div class=\"elementor-widget-wrap elementor-element-populated\">\n\t\t\t\t\t\t<div class=\"elementor-element elementor-element-211545e elementor-widget elementor-widget-image\" data-id=\"211545e\" data-element_type=\"widget\" data-e-type=\"widget\" data-widget_type=\"image.default\">\n\t\t\t\t<div class=\"elementor-widget-container\">\n\t\t\t\t\t\t\t\t\t\t\t\t\t\t\t<img fetchpriority=\"high\" decoding=\"async\" width=\"1024\" height=\"199\" src=\"https:\/\/realsekaarberg.ch\/wp-content\/uploads\/2023\/06\/BildOSZ3-1024x199.jpg\" class=\"attachment-large size-large wp-image-2930\" alt=\"\" srcset=\"https:\/\/realsekaarberg.ch\/wp-content\/uploads\/2023\/06\/BildOSZ3-1024x199.jpg 1024w, https:\/\/realsekaarberg.ch\/wp-content\/uploads\/2023\/06\/BildOSZ3-300x58.jpg 300w, https:\/\/realsekaarberg.ch\/wp-content\/uploads\/2023\/06\/BildOSZ3-768x149.jpg 768w, https:\/\/realsekaarberg.ch\/wp-content\/uploads\/2023\/06\/BildOSZ3-800x156.jpg 800w, https:\/\/realsekaarberg.ch\/wp-content\/uploads\/2023\/06\/BildOSZ3.jpg 1100w\" sizes=\"(max-width: 1024px) 100vw, 1024px\" \/>\t\t\t\t\t\t\t\t\t\t\t\t\t\t\t<\/div>\n\t\t\t\t<\/div>\n\t\t\t\t\t<\/div>\n\t\t<\/div>\n\t\t\t\t\t<\/div>\n\t\t<\/section>\n\t\t\t\t<section class=\"elementor-section elementor-top-section elementor-element elementor-element-d0d5558 elementor-section-boxed elementor-section-height-default elementor-section-height-default\" data-id=\"d0d5558\" data-element_type=\"section\" data-e-type=\"section\">\n\t\t\t\t\t\t<div class=\"elementor-container elementor-column-gap-default\">\n\t\t\t\t\t<div class=\"elementor-column elementor-col-100 elementor-top-column elementor-element elementor-element-2a5cc5b\" data-id=\"2a5cc5b\" data-element_type=\"column\" data-e-type=\"column\">\n\t\t\t<div class=\"elementor-widget-wrap elementor-element-populated\">\n\t\t\t\t\t\t<div class=\"elementor-element elementor-element-9937d2c elementor-widget elementor-widget-text-editor\" data-id=\"9937d2c\" data-element_type=\"widget\" data-e-type=\"widget\" data-widget_type=\"text-editor.default\">\n\t\t\t\t<div class=\"elementor-widget-container\">\n\t\t\t\t\t\t\t\t\t<p>Der <em>Planungskredit<\/em> f\u00fcr das Oberstufenzentrum wurde im September 2022 vom Stimmb\u00fcrger genehmigt. Nun hat die <strong>Planung<\/strong> zur Realisierung <strong>eines durchl\u00e4ssigen Oberstufenzentrums<\/strong> f\u00fcr die Verbandsgemeinden hat eine weitere H\u00fcrde genommen: Der <em>Architekturwettbewerb<\/em> ist im Juni 2023 abgeschlossen worden. Das Siegerprojekt ist somit bekannt. Mit der Urnenabstimmung zum <em>Baukredit<\/em> wurde am 24. November 2024 auch dieser n\u00e4chste Schritt genehmigt. Das <em>Baugesuch<\/em> wurde im Juni 2025 bewilligt. Der Baustart war im Januar 2026.<\/p><p>Seit Januar 2026 werden gewisse Schulf\u00e4cher in Ersatzr\u00e4umen unterrichtet, da drei der vier Trakte wegen des Baus geschlossen sind. Das Werken textil findet in den Geb\u00e4uden der UBS an der Murtenstrasse 3 statt, der WAH-Unterricht wird im Mehrzweckgeb\u00e4ude Aarberg und in der Schulk\u00fcche Seedorf angeboten. Alle weiteren Ver\u00e4nderungen wurden den Eltern mittels<a href=\"https:\/\/realsekaarberg.ch\/wp-content\/uploads\/2025\/06\/Infobulletin2025.pdf\"> Infobrosch\u00fcre<\/a> und Infoblatt vom Juni 2026 mitgeteilt.<\/p><p>Auf der entsprechenden <a href=\"https:\/\/www.aarberg.ch\/de\/aktuelles\/laufende-projekte\/meldungen\/Zukunft-Oberstufenzentrum.php\">Seite bei der Bauverwaltung<\/a> finden sich weitere Informationen.<\/p><p>Wir planen mit dem Beginn des durchl\u00e4ssigen Schulmodells mit den 7. Klassen des Verbandsgebietes ab August 2028. Die Schule wird gegen\u00fcber dem Stand von August 2025 um 2 Klassen bzw. ca. 40-60 Sch\u00fclerinnen und Sch\u00fcler auf total ca. 380 Jugendliche anwachsen.<\/p><p>\u00a0<\/p><p><strong>verschiedene Informationen und Publikationen<\/strong><\/p><p><a href=\"https:\/\/realsekaarberg.ch\/wp-content\/uploads\/2021\/02\/BT_OSZ_2_2_21.pdf\">Bieler Tagblatt zum OSZ und Schulmodell im Februar 2021<\/a><\/p><p><a href=\"https:\/\/realsekaarberg.ch\/wp-content\/uploads\/2024\/11\/Botschaft_Planungskredit_OSZ_Sept_22.pdf\">Botschaft zum Planungskredit im September 2022<\/a><\/p><p><a href=\"https:\/\/realsekaarberg.ch\/wp-content\/uploads\/2023\/09\/Aarbergaktuell_Sept_23.pdf\">Aarberg aktuell vom September 2023<\/a><\/p><p><a href=\"https:\/\/realsekaarberg.ch\/wp-content\/uploads\/2024\/11\/Botschaft_Baukredit_OSZ_Nov_24.pdf\">Botschaft zur Urnenabstimmung vom 24. November 2024<\/a><\/p><p><a href=\"https:\/\/realsekaarberg.ch\/wp-content\/uploads\/2024\/11\/BT_Abstimmung_Nov_24.pdf\">Bieler Tagblatt vor der Abstimmung vom 24. November 2024<\/a><\/p><p><a href=\"https:\/\/realsekaarberg.ch\/wp-content\/uploads\/2024\/11\/BT_OSZ_Ja_25_11_24.pdf\">Bieler Tagblatt zum Abstimmungsresultat vom 24. November 2024<\/a><\/p><p><a href=\"https:\/\/realsekaarberg.ch\/wp-content\/uploads\/2025\/06\/BT_OSZ_21_3_2025.pdf\">Bieler Tagblatt zum Stand der Baubewilligung vom 21. M\u00e4rz 2025<\/a><br \/><a href=\"https:\/\/realsekaarberg.ch\/wp-content\/uploads\/2026\/03\/gzd_aarberg_aktuell_2026_03.pdf\">Bericht Zwischenstand M\u00e4rz 2026,<\/a> Seite 4 und 5 in Aarberg aktuell<\/p>\t\t\t\t\t\t\t\t<\/div>\n\t\t\t\t<\/div>\n\t\t\t\t\t<\/div>\n\t\t<\/div>\n\t\t\t\t\t<\/div>\n\t\t<\/section>\n\t\t\t\t<section class=\"elementor-section elementor-top-section elementor-element elementor-element-c5abdee elementor-section-boxed elementor-section-height-default elementor-section-height-default\" data-id=\"c5abdee\" data-element_type=\"section\" data-e-type=\"section\">\n\t\t\t\t\t\t<div class=\"elementor-container elementor-column-gap-default\">\n\t\t\t\t\t<div class=\"elementor-column elementor-col-100 elementor-top-column elementor-element elementor-element-f4a1a35\" data-id=\"f4a1a35\" data-element_type=\"column\" data-e-type=\"column\">\n\t\t\t<div class=\"elementor-widget-wrap elementor-element-populated\">\n\t\t\t\t\t\t<div class=\"elementor-element elementor-element-bf0d011 elementor-widget elementor-widget-image\" data-id=\"bf0d011\" data-element_type=\"widget\" data-e-type=\"widget\" data-widget_type=\"image.default\">\n\t\t\t\t<div class=\"elementor-widget-container\">\n\t\t\t\t\t\t\t\t\t\t\t\t\t\t\t<img decoding=\"async\" width=\"1024\" height=\"368\" data-src=\"https:\/\/realsekaarberg.ch\/wp-content\/uploads\/2023\/06\/BildOSZ1-1024x368.jpg\" class=\"attachment-large size-large wp-image-2931 lazyload\" alt=\"\" data-srcset=\"https:\/\/realsekaarberg.ch\/wp-content\/uploads\/2023\/06\/BildOSZ1-1024x368.jpg 1024w, https:\/\/realsekaarberg.ch\/wp-content\/uploads\/2023\/06\/BildOSZ1-300x108.jpg 300w, https:\/\/realsekaarberg.ch\/wp-content\/uploads\/2023\/06\/BildOSZ1-768x276.jpg 768w, https:\/\/realsekaarberg.ch\/wp-content\/uploads\/2023\/06\/BildOSZ1-800x287.jpg 800w, https:\/\/realsekaarberg.ch\/wp-content\/uploads\/2023\/06\/BildOSZ1.jpg 1100w\" data-sizes=\"(max-width: 1024px) 100vw, 1024px\" src=\"data:image\/svg+xml;base64,PHN2ZyB3aWR0aD0iMSIgaGVpZ2h0PSIxIiB4bWxucz0iaHR0cDovL3d3dy53My5vcmcvMjAwMC9zdmciPjwvc3ZnPg==\" style=\"--smush-placeholder-width: 1024px; --smush-placeholder-aspect-ratio: 1024\/368;\" \/>\t\t\t\t\t\t\t\t\t\t\t\t\t\t\t<\/div>\n\t\t\t\t<\/div>\n\t\t\t\t<div class=\"elementor-element elementor-element-b0352ff elementor-widget elementor-widget-text-editor\" data-id=\"b0352ff\" data-element_type=\"widget\" data-e-type=\"widget\" data-widget_type=\"text-editor.default\">\n\t\t\t\t<div class=\"elementor-widget-container\">\n\t\t\t\t\t\t\t\t\t<p>Das Siegerprojekte realisiert den n\u00f6tigen Schulraum mittels Aufstockungen (auf max. 3 Stockwerke), einem kleinen Anbau, Umbauten f\u00fcr neue Raumaufteilungen und einem Teilabbruch der bestehenden Geb\u00e4ude.<\/p>\t\t\t\t\t\t\t\t<\/div>\n\t\t\t\t<\/div>\n\t\t\t\t<div class=\"elementor-element elementor-element-14c2d63 elementor-widget elementor-widget-image\" data-id=\"14c2d63\" data-element_type=\"widget\" data-e-type=\"widget\" data-widget_type=\"image.default\">\n\t\t\t\t<div class=\"elementor-widget-container\">\n\t\t\t\t\t\t\t\t\t\t\t\t\t\t\t<img decoding=\"async\" width=\"1024\" height=\"622\" data-src=\"https:\/\/realsekaarberg.ch\/wp-content\/uploads\/2023\/06\/BildOSZ2-1024x622.jpg\" class=\"attachment-large size-large wp-image-2932 lazyload\" alt=\"\" data-srcset=\"https:\/\/realsekaarberg.ch\/wp-content\/uploads\/2023\/06\/BildOSZ2-1024x622.jpg 1024w, https:\/\/realsekaarberg.ch\/wp-content\/uploads\/2023\/06\/BildOSZ2-300x182.jpg 300w, https:\/\/realsekaarberg.ch\/wp-content\/uploads\/2023\/06\/BildOSZ2-768x466.jpg 768w, https:\/\/realsekaarberg.ch\/wp-content\/uploads\/2023\/06\/BildOSZ2-800x486.jpg 800w, https:\/\/realsekaarberg.ch\/wp-content\/uploads\/2023\/06\/BildOSZ2.jpg 1100w\" data-sizes=\"(max-width: 1024px) 100vw, 1024px\" src=\"data:image\/svg+xml;base64,PHN2ZyB3aWR0aD0iMSIgaGVpZ2h0PSIxIiB4bWxucz0iaHR0cDovL3d3dy53My5vcmcvMjAwMC9zdmciPjwvc3ZnPg==\" style=\"--smush-placeholder-width: 1024px; --smush-placeholder-aspect-ratio: 1024\/622;\" \/>\t\t\t\t\t\t\t\t\t\t\t\t\t\t\t<\/div>\n\t\t\t\t<\/div>\n\t\t\t\t\t<\/div>\n\t\t<\/div>\n\t\t\t\t\t<\/div>\n\t\t<\/section>\n\t\t\t\t<\/div>\n\t\t","protected":false},"excerpt":{"rendered":"<p>Der Planungskredit f\u00fcr das Oberstufenzentrum wurde im September 2022 vom Stimmb\u00fcrger genehmigt. Nun hat die Planung zur Realisierung eines durchl\u00e4ssigen Oberstufenzentrums f\u00fcr die Verbandsgemeinden hat eine weitere H\u00fcrde genommen: Der Architekturwettbewerb ist im Juni 2023 abgeschlossen worden. Das Siegerprojekt ist somit bekannt. Mit der Urnenabstimmung zum Baukredit wurde am 24. November 2024 auch dieser n\u00e4chste Schritt genehmigt. Das Baugesuch wurde im Juni 2025 bewilligt. Der Baustart war im Januar 2026. Seit Januar 2026 werden gewisse Schulf\u00e4cher in Ersatzr\u00e4umen unterrichtet, da drei der vier Trakte wegen des Baus geschlossen sind. Das Werken textil findet in den Geb\u00e4uden der UBS an der Murtenstrasse 3 statt, der WAH-Unterricht wird im Mehrzweckgeb\u00e4ude Aarberg und in der Schulk\u00fcche Seedorf angeboten. Alle weiteren Ver\u00e4nderungen wurden den Eltern mittels Infobrosch\u00fcre und Infoblatt vom Juni 2026 mitgeteilt. Auf der entsprechenden Seite bei der Bauverwaltung finden sich weitere Informationen. Wir planen mit dem Beginn des durchl\u00e4ssigen Schulmodells mit den 7. Klassen des Verbandsgebietes ab August 2028. Die Schule wird gegen\u00fcber dem Stand von August 2025 um 2 Klassen bzw. ca. 40-60 Sch\u00fclerinnen und Sch\u00fcler auf total ca. 380 Jugendliche anwachsen. \u00a0 verschiedene Informationen und Publikationen Bieler Tagblatt zum OSZ und Schulmodell im Februar 2021 Botschaft zum Planungskredit im September 2022 Aarberg aktuell vom September&hellip;<\/p>\n","protected":false},"author":1,"featured_media":0,"parent":0,"menu_order":0,"comment_status":"closed","ping_status":"closed","template":"","meta":{"footnotes":""},"class_list":["post-2920","page","type-page","status-publish","hentry"],"_links":{"self":[{"href":"https:\/\/realsekaarberg.ch\/index.php\/wp-json\/wp\/v2\/pages\/2920","targetHints":{"allow":["GET"]}}],"collection":[{"href":"https:\/\/realsekaarberg.ch\/index.php\/wp-json\/wp\/v2\/pages"}],"about":[{"href":"https:\/\/realsekaarberg.ch\/index.php\/wp-json\/wp\/v2\/types\/page"}],"author":[{"embeddable":true,"href":"https:\/\/realsekaarberg.ch\/index.php\/wp-json\/wp\/v2\/users\/1"}],"replies":[{"embeddable":true,"href":"https:\/\/realsekaarberg.ch\/index.php\/wp-json\/wp\/v2\/comments?post=2920"}],"version-history":[{"count":82,"href":"https:\/\/realsekaarberg.ch\/index.php\/wp-json\/wp\/v2\/pages\/2920\/revisions"}],"predecessor-version":[{"id":4595,"href":"https:\/\/realsekaarberg.ch\/index.php\/wp-json\/wp\/v2\/pages\/2920\/revisions\/4595"}],"wp:attachment":[{"href":"https:\/\/realsekaarberg.ch\/index.php\/wp-json\/wp\/v2\/media?parent=2920"}],"curies":[{"name":"wp","href":"https:\/\/api.w.org\/{rel}","templated":true}]}}