{"id":728,"date":"2020-12-17T12:29:30","date_gmt":"2020-12-17T12:29:30","guid":{"rendered":"https:\/\/tatjana-haeuselmann.ch\/real-sek-aarberg\/?page_id=728"},"modified":"2026-03-20T06:59:58","modified_gmt":"2026-03-20T06:59:58","slug":"ehemalige","status":"publish","type":"page","link":"https:\/\/realsekaarberg.ch\/index.php\/verband-und-ehemalige\/ehemalige\/","title":{"rendered":"Ehemalige"},"content":{"rendered":"\t\t<div data-elementor-type=\"wp-page\" data-elementor-id=\"728\" class=\"elementor elementor-728\">\n\t\t\t\t\t\t<section class=\"elementor-section elementor-top-section elementor-element elementor-element-82f9dcf elementor-section-boxed elementor-section-height-default elementor-section-height-default\" data-id=\"82f9dcf\" data-element_type=\"section\" data-e-type=\"section\">\n\t\t\t\t\t\t<div class=\"elementor-container elementor-column-gap-default\">\n\t\t\t\t\t<div class=\"elementor-column elementor-col-100 elementor-top-column elementor-element elementor-element-cd5fd13\" data-id=\"cd5fd13\" data-element_type=\"column\" data-e-type=\"column\">\n\t\t\t<div class=\"elementor-widget-wrap elementor-element-populated\">\n\t\t\t\t\t\t<div class=\"elementor-element elementor-element-b80c6de elementor-position-left elementor-vertical-align-top elementor-widget elementor-widget-image-box\" data-id=\"b80c6de\" data-element_type=\"widget\" data-e-type=\"widget\" data-widget_type=\"image-box.default\">\n\t\t\t\t<div class=\"elementor-widget-container\">\n\t\t\t\t\t<div class=\"elementor-image-box-wrapper\"><figure class=\"elementor-image-box-img\"><a href=\"https:\/\/tatjana-haeuselmann.ch\/real-sek-aarberg\/wp-content\/uploads\/2020\/11\/VESSA_Gruendungsprotokoll_1928.pdf\" tabindex=\"-1\"><img decoding=\"async\" width=\"94\" height=\"142\" data-src=\"https:\/\/realsekaarberg.ch\/wp-content\/uploads\/2020\/09\/VESSA.jpg\" class=\"attachment-thumbnail size-thumbnail wp-image-195 lazyload\" alt=\"\" src=\"data:image\/svg+xml;base64,PHN2ZyB3aWR0aD0iMSIgaGVpZ2h0PSIxIiB4bWxucz0iaHR0cDovL3d3dy53My5vcmcvMjAwMC9zdmciPjwvc3ZnPg==\" style=\"--smush-placeholder-width: 94px; --smush-placeholder-aspect-ratio: 94\/142;\" \/><\/a><\/figure><div class=\"elementor-image-box-content\"><h2 class=\"elementor-image-box-title\"><a href=\"https:\/\/tatjana-haeuselmann.ch\/real-sek-aarberg\/wp-content\/uploads\/2020\/11\/VESSA_Gruendungsprotokoll_1928.pdf\">Die ehemaligen Sch\u00fclerinnen und Sch\u00fcler<\/a><\/h2><\/div><\/div>\t\t\t\t<\/div>\n\t\t\t\t<\/div>\n\t\t\t\t<div class=\"elementor-element elementor-element-26828f7 elementor-widget elementor-widget-text-editor\" data-id=\"26828f7\" data-element_type=\"widget\" data-e-type=\"widget\" data-widget_type=\"text-editor.default\">\n\t\t\t\t<div class=\"elementor-widget-container\">\n\t\t\t\t\t\t\t\t\t<p>Mitteilung:<\/p>\n<p>Die <strong>n\u00e4chste Hauptversammlung<\/strong> findet am <strong>29.\u00a0August 2026<\/strong> statt (Beginn 11 Uhr mit anschliessendem Mittagessen). Die Einladungen erfolgen per Post im Mai oder Juni.<\/p>\n<p>\u00a0<\/p>\n<p>Die VESSA ist ein Verein ehemaliger Sch\u00fclerinnen und Sch\u00fcler des Schulverbandes Aarberg. Alle zwei Jahre findet in der Regel eine Hauptversammlung statt. Regelm\u00e4ssig trifft sich der Vorstand. Hier das <a href=\"https:\/\/realsekaarberg.ch\/wp-content\/uploads\/2020\/11\/VESSA_Gruendungsprotokoll_1928.pdf\">Gr\u00fcndungsprotokoll <\/a>aus dem Jahre 1928.<\/p>\n<p>\u00a0<\/p>\n<p><span style=\"font-size: 1.28571rem; font-weight: bold; letter-spacing: 0px;\">Zweck<\/span><\/p>\n<p><!-- \/wp:heading --><!-- wp:list --><\/p>\n<ul>\n<li>Die\u00a0<strong>Pflege des gegenseitigen Kontaktes<\/strong>\u00a0der ehemaligen Sch\u00fclerinnen und Sch\u00fcler (Treffen alle 2 Jahre). Hier die\u00a0<a href=\"https:\/\/tatjana-haeuselmann.ch\/real-sek-aarberg\/wp-content\/uploads\/2020\/11\/VESSA_Statuten.pdf\">Statuten der VESSA.<\/a><\/li>\n<li>Unterst\u00fctzung der ehemals besuchten Schule als\u00a0<strong>G\u00f6nnerin oder G\u00f6nner<\/strong>\u00a0mit einem 2-Jahresbeitrag von Fr 30.-.<\/li>\n<li>In den ersten 2 Jahren ist die Mitgliedschaft kostenlos.<\/li>\n<li>Hier das <strong><a href=\"https:\/\/realsekaarberg.ch\/wp-content\/uploads\/2020\/11\/Protokoll-Hauptversammlung_27_August_2022.pdf\">Protokoll<\/a> der letzten Versammlung.<\/strong><\/li>\n<\/ul>\n<p><!-- \/wp:list --><!-- wp:heading --><\/p>\n<h2>Kontakt<\/h2>\n<p><!-- \/wp:heading --><!-- wp:paragraph --><\/p>\n<p>Besuchen Sie uns unter <strong><a href=\"https:\/\/www.vessa.org\">vessa.org<\/a><\/strong>\u00a0oder\u00a0bei\u00a0<a href=\"https:\/\/www.facebook.com\/vessaarberg\" target=\"_blank\" rel=\"noreferrer noopener\"><strong>Facebook<\/strong><\/a>.<\/p>\n<p>F\u00fcr mehr Informationen (allgemeine Fragen, Mitgliedschaften, Adress\u00e4nderungen usw.) wenden Sie sich an das Sekretariat :<br \/><a href=\"mailto:sekretariat@realsekaarberg.ch\">sekretariat@realsekaarberg.ch<\/a><\/p>\n<p>\u00a0<\/p>\n<p>Wir freuen uns \u00fcber jede Mitgliedschaft!\u00a0<span style=\"font-size: 15px; letter-spacing: 0px;\">Kennen Sie diesen Link?<\/span><\/p>\n<p><span style=\"font-size: 15px; letter-spacing: 0px;\">\u00a0<\/span><\/p>\n<p>&#8230;ehemalige Sch\u00fcler der CH suchen sich:\u00a0<a href=\"http:\/\/www.klassenfreunde.ch\/\" target=\"_blank\" rel=\"noreferrer noopener\">Klassenfreunde<\/a><\/p>\n<p><!-- \/wp:paragraph --><!-- wp:heading --><\/p>\n<h2>Organe<\/h2>\n<p><!-- \/wp:heading --><!-- wp:list --><\/p>\n<ul>\n<li>Vorstand (5-7 Personen)<\/li>\n<li>Mitgliederhauptversammlung alle 2 Jahre<\/li>\n<li>Revisorinnen und Revisoren<\/li>\n<\/ul>\n<p><!-- \/wp:list --><\/p>\t\t\t\t\t\t\t\t<\/div>\n\t\t\t\t<\/div>\n\t\t\t\t\t<\/div>\n\t\t<\/div>\n\t\t\t\t\t<\/div>\n\t\t<\/section>\n\t\t\t\t<\/div>\n\t\t","protected":false},"excerpt":{"rendered":"<p>Die ehemaligen Sch\u00fclerinnen und Sch\u00fcler Mitteilung: Die n\u00e4chste Hauptversammlung findet am 29.\u00a0August 2026 statt (Beginn 11 Uhr mit anschliessendem Mittagessen). Die Einladungen erfolgen per Post im Mai oder Juni. \u00a0 Die VESSA ist ein Verein ehemaliger Sch\u00fclerinnen und Sch\u00fcler des Schulverbandes Aarberg. Alle zwei Jahre findet in der Regel eine Hauptversammlung statt. Regelm\u00e4ssig trifft sich der Vorstand. Hier das Gr\u00fcndungsprotokoll aus dem Jahre 1928. \u00a0 Zweck Die\u00a0Pflege des gegenseitigen Kontaktes\u00a0der ehemaligen Sch\u00fclerinnen und Sch\u00fcler (Treffen alle 2 Jahre). Hier die\u00a0Statuten der VESSA. Unterst\u00fctzung der ehemals besuchten Schule als\u00a0G\u00f6nnerin oder G\u00f6nner\u00a0mit einem 2-Jahresbeitrag von Fr 30.-. In den ersten 2 Jahren ist die Mitgliedschaft kostenlos. Hier das Protokoll der letzten Versammlung. Kontakt Besuchen Sie uns unter vessa.org\u00a0oder\u00a0bei\u00a0Facebook. F\u00fcr mehr Informationen (allgemeine Fragen, Mitgliedschaften, Adress\u00e4nderungen usw.) wenden Sie sich an das Sekretariat :sekretariat@realsekaarberg.ch \u00a0 Wir freuen uns \u00fcber jede Mitgliedschaft!\u00a0Kennen Sie diesen Link? \u00a0 &#8230;ehemalige Sch\u00fcler der CH suchen sich:\u00a0Klassenfreunde Organe Vorstand (5-7 Personen) Mitgliederhauptversammlung alle 2 Jahre Revisorinnen und Revisoren<\/p>\n","protected":false},"author":1,"featured_media":0,"parent":29,"menu_order":0,"comment_status":"closed","ping_status":"closed","template":"","meta":{"footnotes":""},"class_list":["post-728","page","type-page","status-publish","hentry"],"_links":{"self":[{"href":"https:\/\/realsekaarberg.ch\/index.php\/wp-json\/wp\/v2\/pages\/728","targetHints":{"allow":["GET"]}}],"collection":[{"href":"https:\/\/realsekaarberg.ch\/index.php\/wp-json\/wp\/v2\/pages"}],"about":[{"href":"https:\/\/realsekaarberg.ch\/index.php\/wp-json\/wp\/v2\/types\/page"}],"author":[{"embeddable":true,"href":"https:\/\/realsekaarberg.ch\/index.php\/wp-json\/wp\/v2\/users\/1"}],"replies":[{"embeddable":true,"href":"https:\/\/realsekaarberg.ch\/index.php\/wp-json\/wp\/v2\/comments?post=728"}],"version-history":[{"count":44,"href":"https:\/\/realsekaarberg.ch\/index.php\/wp-json\/wp\/v2\/pages\/728\/revisions"}],"predecessor-version":[{"id":4601,"href":"https:\/\/realsekaarberg.ch\/index.php\/wp-json\/wp\/v2\/pages\/728\/revisions\/4601"}],"up":[{"embeddable":true,"href":"https:\/\/realsekaarberg.ch\/index.php\/wp-json\/wp\/v2\/pages\/29"}],"wp:attachment":[{"href":"https:\/\/realsekaarberg.ch\/index.php\/wp-json\/wp\/v2\/media?parent=728"}],"curies":[{"name":"wp","href":"https:\/\/api.w.org\/{rel}","templated":true}]}}