{"id":79,"date":"2020-08-18T19:01:20","date_gmt":"2020-08-18T19:01:20","guid":{"rendered":"https:\/\/tatjana-haeuselmann.ch\/real-sek-aarberg\/?page_id=79"},"modified":"2023-08-25T10:05:28","modified_gmt":"2023-08-25T10:05:28","slug":"schulsozialarbeit-2","status":"publish","type":"page","link":"https:\/\/realsekaarberg.ch\/index.php\/projekte\/schulsozialarbeit-2\/","title":{"rendered":"Schulsozialarbeit"},"content":{"rendered":"\t\t<div data-elementor-type=\"wp-page\" data-elementor-id=\"79\" class=\"elementor elementor-79\">\n\t\t\t\t\t\t<section class=\"elementor-section elementor-top-section elementor-element elementor-element-1f6283f9 elementor-section-boxed elementor-section-height-default elementor-section-height-default\" data-id=\"1f6283f9\" data-element_type=\"section\" data-e-type=\"section\">\n\t\t\t\t\t\t<div class=\"elementor-container elementor-column-gap-default\">\n\t\t\t\t\t<div class=\"elementor-column elementor-col-100 elementor-top-column elementor-element elementor-element-58b38aee\" data-id=\"58b38aee\" data-element_type=\"column\" data-e-type=\"column\">\n\t\t\t<div class=\"elementor-widget-wrap elementor-element-populated\">\n\t\t\t\t\t\t<div class=\"elementor-element elementor-element-490c720 elementor-widget elementor-widget-text-editor\" data-id=\"490c720\" data-element_type=\"widget\" data-e-type=\"widget\" data-widget_type=\"text-editor.default\">\n\t\t\t\t<div class=\"elementor-widget-container\">\n\t\t\t\t\t\t\t\t\t<p>\u00a0<\/p>\n<p><\/p>\n<p>Seit August 2016 wird an unserer Schule Schulsozialarbeit angeboten. Das Angebot steht unseren Sch\u00fclerinnen und Sch\u00fclern, deren Eltern oder unseren Lehrpersonen zur Verf\u00fcgung.<\/p>\n<p>\u00a0<\/p>\n<p><\/p>\n<p><\/p>\n<p><img fetchpriority=\"high\" decoding=\"async\" class=\"alignnone size-full wp-image-335\" src=\"https:\/\/tatjana-haeuselmann.ch\/real-sek-aarberg\/wp-content\/uploads\/2020\/11\/SSA.jpg\" alt=\"\" width=\"1100\" height=\"289\" srcset=\"https:\/\/realsekaarberg.ch\/wp-content\/uploads\/2020\/11\/SSA.jpg 1100w, https:\/\/realsekaarberg.ch\/wp-content\/uploads\/2020\/11\/SSA-300x79.jpg 300w, https:\/\/realsekaarberg.ch\/wp-content\/uploads\/2020\/11\/SSA-1024x269.jpg 1024w, https:\/\/realsekaarberg.ch\/wp-content\/uploads\/2020\/11\/SSA-768x202.jpg 768w, https:\/\/realsekaarberg.ch\/wp-content\/uploads\/2020\/11\/SSA-800x210.jpg 800w\" sizes=\"(max-width: 1100px) 100vw, 1100px\" \/><\/p>\n<p><\/p>\n<p>\u00a0<\/p>\n<p><\/p>\n<h3><strong>Organisation und Struktur<\/strong><\/h3>\n<p><\/p>\n<p><\/p>\n<p>Gem\u00e4ss Beschluss der Delegiertenversammlung vom Fr\u00fchjahr 2016 wird die Organisation und Durchf\u00fchrung unserer Schulsozialarbeit der Kinder- und Jugendfachstelle Lyss anvertraut. <strong>Nils Cruz<\/strong> ist der zust\u00e4ndige Schulsozialarbeiter an unserer Schule.<\/p>\n<p>\u00a0<\/p>\n<p>Brauchst du jemanden der dir in einem Gespr\u00e4ch zuh\u00f6rt?<\/p>\n<p>M\u00f6chtest du deine Lebensfreude jemandem mitteilen?<\/p>\n<p>Hast du \u00c4rger mit anderen Sch\u00fclerinnen oder Sch\u00fclern, den Eltern oder einer Lehrperson?<\/p>\n<p>Vielleicht m\u00f6chtest du etwas wissen \u00fcber Internet, Handy, Sackgeld, Sexualit\u00e4t, Sucht oder andere Themen?<\/p>\n<p><\/p>\n<p><a role=\"button\" href=\"https:\/\/realsekaarberg.ch\/wp-content\/uploads\/2020\/11\/Flyer_SSA.pdf\" target=\"_blank\" rel=\"noopener noreferrer\">\u00a0<\/a><\/p>\n<p>\u00a0<\/p>\n<p><\/p>\n<h3><strong>Zugang<\/strong><\/h3>\n<h3>Das Angebot steht allen unseren Sch\u00fclerinnen und Sch\u00fclern, deren Eltern und unseren Lehrpersonen zur Verf\u00fcgung. Die Kontaktaufnahme erfolgt pers\u00f6nlich, per Telefon oder Mail.<\/h3>\n<p><\/p>\n<p><\/p>\n<p><\/p>\n<p><\/p>\n<h3 class=\"wp-block-heading\"><strong>Kontaktdaten<\/strong><\/h3>\n<p><\/p>\n<p><\/p>\n<p>Das B\u00fcro der Schulsozialarbeit befindet sich im Klassentrakt im 1. Obergeschoss am Ende des Ganges (&#171;Pinguinnische&#187;). <em><strong>In diesem Schuljahr ist der Schulsozialarbeiter jeden Donnerstagmorgen ab 8.20 Uhr und in den geraden Schulwochen auch am Dienstagnachmittag im Hause. An diesen Nachmittagen hat er manchmal sogar seinen Hund dabei.<\/strong><\/em>\u00a0Nat\u00fcrlich k\u00f6nnen ausserhalb dieser Zeiten individuelle Termine abgemacht werden.<\/p>\n<p><\/p>\n<p>Mail: nils.cruz@lyss.ch<\/p>\n<p><a href=\"https:\/\/realsekaarberg.ch\/wp-content\/uploads\/2020\/11\/Flyer_SSA.pdf\">Flyer der Schulsozialarbeit<\/a><\/p>\n<p>SMS, WhatsApp, Handy: 079 384 90 99 (B\u00fcrozeiten) oder im B\u00fcro\u00a0<span style=\"caret-color: #000000; color: #000000; font-family: Arial, Helvetica, sans-serif; font-size: 13px; letter-spacing: 0px;\">032 387 85 55 oder \u00fcber die Homepage der <\/span><a style=\"font-size: 15px;\" href=\"http:\/\/www.jugendfachstelle-lyss.ch\/\" target=\"_blank\" rel=\"noreferrer noopener\">Jugendfachstelle Lyss<\/a><\/p>\n<p>\u00a0<\/p>\n<p><strong>Projekte<\/strong><\/p>\n<p>\u00a0<\/p>\n<p><strong><a href=\"https:\/\/www.stadtsache.de\/aarberg\/\">Stadtsache<\/a><\/strong>: Ein Beispiel eines Projektes der Gemeinde Aarberg zusammen mit der KJFS Lyss, um die Jugendlichen bei der <em><strong>Gestaltung des \u00f6ffentlichen Raumes<\/strong><\/em> einzubinden.<\/p>\n<p><span style=\"font-size: 15px;\">Bericht 2022 des Bieler Tagblattes zum\u00a0<\/span><strong><a href=\"https:\/\/realsekaarberg.ch\/wp-content\/uploads\/2022\/05\/BT_Lueg_haere_12_5_2022.pdf\">Pr\u00e4ventionsprojekt Lueg h\u00e4re!<\/a><\/strong>\u00a0Ein Gemeinschaftsprojekt von Gemeinde und Schule auch unter Mitarbeit der Schulsozialarbeit.<\/p>\n<p><span style=\"caret-color: #000000; color: #000000; font-family: Arial, Helvetica, sans-serif; font-size: 13px; letter-spacing: 0px;\"> <img decoding=\"async\" class=\"alignnone size-full wp-image-514 lazyload\" data-src=\"https:\/\/tatjana-haeuselmann.ch\/real-sek-aarberg\/wp-content\/uploads\/2020\/11\/schmal9.jpg\" alt=\"\" width=\"1100\" height=\"33\" data-srcset=\"https:\/\/realsekaarberg.ch\/wp-content\/uploads\/2020\/11\/schmal9.jpg 1100w, https:\/\/realsekaarberg.ch\/wp-content\/uploads\/2020\/11\/schmal9-300x9.jpg 300w, https:\/\/realsekaarberg.ch\/wp-content\/uploads\/2020\/11\/schmal9-1024x31.jpg 1024w, https:\/\/realsekaarberg.ch\/wp-content\/uploads\/2020\/11\/schmal9-768x23.jpg 768w, https:\/\/realsekaarberg.ch\/wp-content\/uploads\/2020\/11\/schmal9-800x24.jpg 800w\" data-sizes=\"(max-width: 1100px) 100vw, 1100px\" src=\"data:image\/svg+xml;base64,PHN2ZyB3aWR0aD0iMSIgaGVpZ2h0PSIxIiB4bWxucz0iaHR0cDovL3d3dy53My5vcmcvMjAwMC9zdmciPjwvc3ZnPg==\" style=\"--smush-placeholder-width: 1100px; --smush-placeholder-aspect-ratio: 1100\/33;\" \/><\/span><\/p>\t\t\t\t\t\t\t\t<\/div>\n\t\t\t\t<\/div>\n\t\t\t\t\t<\/div>\n\t\t<\/div>\n\t\t\t\t\t<\/div>\n\t\t<\/section>\n\t\t\t\t<\/div>\n\t\t","protected":false},"excerpt":{"rendered":"<p>\u00a0 Seit August 2016 wird an unserer Schule Schulsozialarbeit angeboten. Das Angebot steht unseren Sch\u00fclerinnen und Sch\u00fclern, deren Eltern oder unseren Lehrpersonen zur Verf\u00fcgung. \u00a0 \u00a0 Organisation und Struktur Gem\u00e4ss Beschluss der Delegiertenversammlung vom Fr\u00fchjahr 2016 wird die Organisation und Durchf\u00fchrung unserer Schulsozialarbeit der Kinder- und Jugendfachstelle Lyss anvertraut. Nils Cruz ist der zust\u00e4ndige Schulsozialarbeiter an unserer Schule. \u00a0 Brauchst du jemanden der dir in einem Gespr\u00e4ch zuh\u00f6rt? M\u00f6chtest du deine Lebensfreude jemandem mitteilen? Hast du \u00c4rger mit anderen Sch\u00fclerinnen oder Sch\u00fclern, den Eltern oder einer Lehrperson? Vielleicht m\u00f6chtest du etwas wissen \u00fcber Internet, Handy, Sackgeld, Sexualit\u00e4t, Sucht oder andere Themen? \u00a0 \u00a0 Zugang Das Angebot steht allen unseren Sch\u00fclerinnen und Sch\u00fclern, deren Eltern und unseren Lehrpersonen zur Verf\u00fcgung. Die Kontaktaufnahme erfolgt pers\u00f6nlich, per Telefon oder Mail. Kontaktdaten Das B\u00fcro der Schulsozialarbeit befindet sich im Klassentrakt im 1. Obergeschoss am Ende des Ganges (&#171;Pinguinnische&#187;). In diesem Schuljahr ist der Schulsozialarbeiter jeden Donnerstagmorgen ab 8.20 Uhr und in den geraden Schulwochen auch am Dienstagnachmittag im Hause. An diesen Nachmittagen hat er manchmal sogar seinen Hund dabei.\u00a0Nat\u00fcrlich k\u00f6nnen ausserhalb dieser Zeiten individuelle Termine abgemacht werden. Mail: nils.cruz@lyss.ch Flyer der Schulsozialarbeit SMS, WhatsApp, Handy: 079 384 90 99 (B\u00fcrozeiten) oder im B\u00fcro\u00a0032 387 85 55 oder \u00fcber die&hellip;<\/p>\n","protected":false},"author":1,"featured_media":0,"parent":7,"menu_order":0,"comment_status":"closed","ping_status":"closed","template":"","meta":{"footnotes":""},"class_list":["post-79","page","type-page","status-publish","hentry"],"_links":{"self":[{"href":"https:\/\/realsekaarberg.ch\/index.php\/wp-json\/wp\/v2\/pages\/79","targetHints":{"allow":["GET"]}}],"collection":[{"href":"https:\/\/realsekaarberg.ch\/index.php\/wp-json\/wp\/v2\/pages"}],"about":[{"href":"https:\/\/realsekaarberg.ch\/index.php\/wp-json\/wp\/v2\/types\/page"}],"author":[{"embeddable":true,"href":"https:\/\/realsekaarberg.ch\/index.php\/wp-json\/wp\/v2\/users\/1"}],"replies":[{"embeddable":true,"href":"https:\/\/realsekaarberg.ch\/index.php\/wp-json\/wp\/v2\/comments?post=79"}],"version-history":[{"count":78,"href":"https:\/\/realsekaarberg.ch\/index.php\/wp-json\/wp\/v2\/pages\/79\/revisions"}],"predecessor-version":[{"id":3137,"href":"https:\/\/realsekaarberg.ch\/index.php\/wp-json\/wp\/v2\/pages\/79\/revisions\/3137"}],"up":[{"embeddable":true,"href":"https:\/\/realsekaarberg.ch\/index.php\/wp-json\/wp\/v2\/pages\/7"}],"wp:attachment":[{"href":"https:\/\/realsekaarberg.ch\/index.php\/wp-json\/wp\/v2\/media?parent=79"}],"curies":[{"name":"wp","href":"https:\/\/api.w.org\/{rel}","templated":true}]}}