{"id":837,"date":"2020-12-31T08:53:44","date_gmt":"2020-12-31T08:53:44","guid":{"rendered":"https:\/\/realsekaarberg.ch\/?page_id=837"},"modified":"2025-05-30T08:20:15","modified_gmt":"2025-05-30T08:20:15","slug":"stundenplan","status":"publish","type":"page","link":"https:\/\/realsekaarberg.ch\/index.php\/termine-unterricht\/stundenplan\/","title":{"rendered":"Stundenplan"},"content":{"rendered":"\t\t<div data-elementor-type=\"wp-page\" data-elementor-id=\"837\" class=\"elementor elementor-837\">\n\t\t\t\t\t\t<section class=\"elementor-section elementor-top-section elementor-element elementor-element-00fd6de elementor-section-boxed elementor-section-height-default elementor-section-height-default\" data-id=\"00fd6de\" data-element_type=\"section\" data-e-type=\"section\">\n\t\t\t\t\t\t<div class=\"elementor-container elementor-column-gap-default\">\n\t\t\t\t\t<div class=\"elementor-column elementor-col-100 elementor-top-column elementor-element elementor-element-647db5a\" data-id=\"647db5a\" data-element_type=\"column\" data-e-type=\"column\">\n\t\t\t<div class=\"elementor-widget-wrap elementor-element-populated\">\n\t\t\t\t\t\t<div class=\"elementor-element elementor-element-57008a6 elementor-widget elementor-widget-text-editor\" data-id=\"57008a6\" data-element_type=\"widget\" data-e-type=\"widget\" data-widget_type=\"text-editor.default\">\n\t\t\t\t<div class=\"elementor-widget-container\">\n\t\t\t\t\t\t\t\t\t<h1>Stundenplan<\/h1>\n<p><!-- \/wp:heading --><!-- wp:paragraph --><\/p>\n<p>Im\u00a0<strong>Stundenplan<\/strong> unserer Schule sind rund 600 Lektionen mit 17 Klassen und 34-37 Lehrkr\u00e4ften eingebaut&#8230; <em>In manchen Jahren braucht es je einen Stundenplan f\u00fcr das 1. und 2. Semester.<\/em> Das ist aber die Ausnahme und w\u00fcrde fr\u00fchzeitig mitgeteilt. Achtung: Um den pers\u00f6nlichen Stundenplan zu lesen, m\u00fcssen alle pers\u00f6nlichen Gruppenzuteilungen bekannt sein (Wahlf\u00e4cher, Werkgruppe, Hauswirtschaft&#8230;)!<\/p>\n<p><!-- \/wp:paragraph --><!-- wp:image --><\/p>\n<figure><\/figure>\n<p><!-- \/wp:image --><!-- wp:heading --><\/p>\n<h2>Der Stundenplan 25\/26 zum Downloaden<\/h2>\n<p>Der <strong><a href=\"https:\/\/realsekaarberg.ch\/wp-content\/uploads\/2025\/05\/Stundenplan_25_26-V7.xlsx-1.pdf\">Gesamtstundenplan f\u00fcr das Schuljahr 2025\/26<\/a><\/strong> ist hier verf\u00fcgbar.<\/p>\n<p>\u00a0<\/p>\t\t\t\t\t\t\t\t<\/div>\n\t\t\t\t<\/div>\n\t\t\t\t\t<\/div>\n\t\t<\/div>\n\t\t\t\t\t<\/div>\n\t\t<\/section>\n\t\t\t\t<\/div>\n\t\t","protected":false},"excerpt":{"rendered":"<p>Stundenplan Im\u00a0Stundenplan unserer Schule sind rund 600 Lektionen mit 17 Klassen und 34-37 Lehrkr\u00e4ften eingebaut&#8230; In manchen Jahren braucht es je einen Stundenplan f\u00fcr das 1. und 2. Semester. Das ist aber die Ausnahme und w\u00fcrde fr\u00fchzeitig mitgeteilt. Achtung: Um den pers\u00f6nlichen Stundenplan zu lesen, m\u00fcssen alle pers\u00f6nlichen Gruppenzuteilungen bekannt sein (Wahlf\u00e4cher, Werkgruppe, Hauswirtschaft&#8230;)! Der Stundenplan 25\/26 zum Downloaden Der Gesamtstundenplan f\u00fcr das Schuljahr 2025\/26 ist hier verf\u00fcgbar. \u00a0<\/p>\n","protected":false},"author":1,"featured_media":0,"parent":27,"menu_order":0,"comment_status":"closed","ping_status":"closed","template":"","meta":{"footnotes":""},"class_list":["post-837","page","type-page","status-publish","hentry"],"_links":{"self":[{"href":"https:\/\/realsekaarberg.ch\/index.php\/wp-json\/wp\/v2\/pages\/837","targetHints":{"allow":["GET"]}}],"collection":[{"href":"https:\/\/realsekaarberg.ch\/index.php\/wp-json\/wp\/v2\/pages"}],"about":[{"href":"https:\/\/realsekaarberg.ch\/index.php\/wp-json\/wp\/v2\/types\/page"}],"author":[{"embeddable":true,"href":"https:\/\/realsekaarberg.ch\/index.php\/wp-json\/wp\/v2\/users\/1"}],"replies":[{"embeddable":true,"href":"https:\/\/realsekaarberg.ch\/index.php\/wp-json\/wp\/v2\/comments?post=837"}],"version-history":[{"count":46,"href":"https:\/\/realsekaarberg.ch\/index.php\/wp-json\/wp\/v2\/pages\/837\/revisions"}],"predecessor-version":[{"id":4077,"href":"https:\/\/realsekaarberg.ch\/index.php\/wp-json\/wp\/v2\/pages\/837\/revisions\/4077"}],"up":[{"embeddable":true,"href":"https:\/\/realsekaarberg.ch\/index.php\/wp-json\/wp\/v2\/pages\/27"}],"wp:attachment":[{"href":"https:\/\/realsekaarberg.ch\/index.php\/wp-json\/wp\/v2\/media?parent=837"}],"curies":[{"name":"wp","href":"https:\/\/api.w.org\/{rel}","templated":true}]}}