{"id":88,"date":"2020-08-25T17:15:15","date_gmt":"2020-08-25T17:15:15","guid":{"rendered":"https:\/\/tatjana-haeuselmann.ch\/real-sek-aarberg\/?page_id=88"},"modified":"2020-12-17T12:41:45","modified_gmt":"2020-12-17T12:41:45","slug":"lager-und-projektwochen","status":"publish","type":"page","link":"https:\/\/realsekaarberg.ch\/index.php\/projekte\/lager-und-projektwochen\/","title":{"rendered":"Lager- und Projektwochen"},"content":{"rendered":"\t\t<div data-elementor-type=\"wp-page\" data-elementor-id=\"88\" class=\"elementor elementor-88\">\n\t\t\t\t\t\t<section class=\"elementor-section elementor-top-section elementor-element elementor-element-2f618a6c elementor-section-boxed elementor-section-height-default elementor-section-height-default\" data-id=\"2f618a6c\" data-element_type=\"section\" data-e-type=\"section\">\n\t\t\t\t\t\t<div class=\"elementor-container elementor-column-gap-default\">\n\t\t\t\t\t<div class=\"elementor-column elementor-col-100 elementor-top-column elementor-element elementor-element-3623f782\" data-id=\"3623f782\" data-element_type=\"column\" data-e-type=\"column\">\n\t\t\t<div class=\"elementor-widget-wrap elementor-element-populated\">\n\t\t\t\t\t\t<div class=\"elementor-element elementor-element-cb527ed elementor-vertical-align-top elementor-widget elementor-widget-image-box\" data-id=\"cb527ed\" data-element_type=\"widget\" data-e-type=\"widget\" data-widget_type=\"image-box.default\">\n\t\t\t\t<div class=\"elementor-widget-container\">\n\t\t\t\t\t<div class=\"elementor-image-box-wrapper\"><div class=\"elementor-image-box-content\"><p class=\"elementor-image-box-description\">Mindestens einmal im Schuljahr findet eine externe Klassenwoche statt. Insgesamt besuchen die Sch\u00fclerinnnen und Sch\u00fcler w\u00e4hrend den 3 Oberstufenjahren 4 externe Klassenwochen sowie 2 Projektwochen (Feb. 7. Kl und Sept 8. Kl). Sehen Sie in diesem Kapitel einige Portraits.\nBei den Lagerbeitr\u00e4gen richten wir uns nach denkantonalen Ans\u00e4tzen (bis zu Fr 25.- pro Tag f\u00fcr Reise\/Unterkunft\/Verpflegung). Unter \"Download Formulare\" ist ein Gesuch f\u00fcr Lagerbeitr\u00e4ge erh\u00e4ltlich.<br><\/p><\/div><\/div>\t\t\t\t<\/div>\n\t\t\t\t<\/div>\n\t\t\t\t<div class=\"elementor-element elementor-element-1aa743b elementor-widget elementor-widget-text-editor\" data-id=\"1aa743b\" data-element_type=\"widget\" data-e-type=\"widget\" data-widget_type=\"text-editor.default\">\n\t\t\t\t<div class=\"elementor-widget-container\">\n\t\t\t\t\t\t\t\t\t<p><img fetchpriority=\"high\" decoding=\"async\" class=\"alignnone size-full wp-image-427\" src=\"https:\/\/tatjana-haeuselmann.ch\/real-sek-aarberg\/wp-content\/uploads\/2020\/11\/LL_Lager.jpg\" alt=\"\" width=\"1100\" height=\"313\" srcset=\"https:\/\/realsekaarberg.ch\/wp-content\/uploads\/2020\/11\/LL_Lager.jpg 1100w, https:\/\/realsekaarberg.ch\/wp-content\/uploads\/2020\/11\/LL_Lager-300x85.jpg 300w, https:\/\/realsekaarberg.ch\/wp-content\/uploads\/2020\/11\/LL_Lager-1024x291.jpg 1024w, https:\/\/realsekaarberg.ch\/wp-content\/uploads\/2020\/11\/LL_Lager-768x219.jpg 768w, https:\/\/realsekaarberg.ch\/wp-content\/uploads\/2020\/11\/LL_Lager-800x228.jpg 800w\" sizes=\"(max-width: 1100px) 100vw, 1100px\" \/><\/p><p><strong>zB. Lagerkurse Skifahren und Snowboard an der Lenk oder Saanenm\u00f6ser<br \/><\/strong>In diesen beiden Heimen organisieren wir meistens unsere Ski- und Snowboardkurse f\u00fcr die 9. Klassen.<\/p><p>\u00a0<\/p><p><strong>Kurse in Aarberg zB. Musikkurs oder Medienkurs <\/strong>(Angebote je nach Situation)<\/p><p>\u00a0<\/p><p><strong>Langlauflager mit allen 8. Klassen<br \/><\/strong>Wir stellen allen Sch\u00fclerinnen und Sch\u00fcler eigenes Langlaufmaterial gegen eine kleine Ausleihegeb\u00fchr zur Verf\u00fcgung.<\/p><figure class=\"wp-block-image\"><\/figure><p><img decoding=\"async\" class=\"alignnone size-full wp-image-331 lazyload\" data-src=\"https:\/\/tatjana-haeuselmann.ch\/real-sek-aarberg\/wp-content\/uploads\/2020\/11\/LLSkier.jpg\" alt=\"\" width=\"1100\" height=\"197\" data-srcset=\"https:\/\/realsekaarberg.ch\/wp-content\/uploads\/2020\/11\/LLSkier.jpg 1100w, https:\/\/realsekaarberg.ch\/wp-content\/uploads\/2020\/11\/LLSkier-300x54.jpg 300w, https:\/\/realsekaarberg.ch\/wp-content\/uploads\/2020\/11\/LLSkier-1024x183.jpg 1024w, https:\/\/realsekaarberg.ch\/wp-content\/uploads\/2020\/11\/LLSkier-768x138.jpg 768w, https:\/\/realsekaarberg.ch\/wp-content\/uploads\/2020\/11\/LLSkier-800x143.jpg 800w\" data-sizes=\"(max-width: 1100px) 100vw, 1100px\" src=\"data:image\/svg+xml;base64,PHN2ZyB3aWR0aD0iMSIgaGVpZ2h0PSIxIiB4bWxucz0iaHR0cDovL3d3dy53My5vcmcvMjAwMC9zdmciPjwvc3ZnPg==\" style=\"--smush-placeholder-width: 1100px; --smush-placeholder-aspect-ratio: 1100\/197;\" \/><\/p><p><strong>Tourenlager<\/strong> (Wahlangebot f\u00fcr die 8. Klassen)<\/p><p><img decoding=\"async\" class=\"alignnone size-full wp-image-432 lazyload\" data-src=\"https:\/\/tatjana-haeuselmann.ch\/real-sek-aarberg\/wp-content\/uploads\/2020\/11\/Elisabethschule-1.jpg\" alt=\"\" width=\"1100\" height=\"169\" data-srcset=\"https:\/\/realsekaarberg.ch\/wp-content\/uploads\/2020\/11\/Elisabethschule-1.jpg 1100w, https:\/\/realsekaarberg.ch\/wp-content\/uploads\/2020\/11\/Elisabethschule-1-300x46.jpg 300w, https:\/\/realsekaarberg.ch\/wp-content\/uploads\/2020\/11\/Elisabethschule-1-1024x157.jpg 1024w, https:\/\/realsekaarberg.ch\/wp-content\/uploads\/2020\/11\/Elisabethschule-1-768x118.jpg 768w, https:\/\/realsekaarberg.ch\/wp-content\/uploads\/2020\/11\/Elisabethschule-1-800x123.jpg 800w\" data-sizes=\"(max-width: 1100px) 100vw, 1100px\" src=\"data:image\/svg+xml;base64,PHN2ZyB3aWR0aD0iMSIgaGVpZ2h0PSIxIiB4bWxucz0iaHR0cDovL3d3dy53My5vcmcvMjAwMC9zdmciPjwvc3ZnPg==\" style=\"--smush-placeholder-width: 1100px; --smush-placeholder-aspect-ratio: 1100\/169;\" \/><strong>Austauschwochen mit unserer Partnerschule in Marburg an der Lahn<\/strong> (Hessen)<\/p><p>Im September und im Juni organisieren wir gemeinsam einen Klassentausch.<\/p><p><a href=\"https:\/\/www.elisabethschule.de\">Elisabethschule in Marburg<\/a><\/p>\t\t\t\t\t\t\t\t<\/div>\n\t\t\t\t<\/div>\n\t\t\t\t\t<\/div>\n\t\t<\/div>\n\t\t\t\t\t<\/div>\n\t\t<\/section>\n\t\t\t\t<\/div>\n\t\t","protected":false},"excerpt":{"rendered":"<p>Mindestens einmal im Schuljahr findet eine externe Klassenwoche statt. Insgesamt besuchen die Sch\u00fclerinnnen und Sch\u00fcler w\u00e4hrend den 3 Oberstufenjahren 4 externe Klassenwochen sowie 2 Projektwochen (Feb. 7. Kl und Sept 8. Kl). Sehen Sie in diesem Kapitel einige Portraits. Bei den Lagerbeitr\u00e4gen richten wir uns nach denkantonalen Ans\u00e4tzen (bis zu Fr 25.- pro Tag f\u00fcr Reise\/Unterkunft\/Verpflegung). Unter &#171;Download Formulare&#187; ist ein Gesuch f\u00fcr Lagerbeitr\u00e4ge erh\u00e4ltlich. zB. Lagerkurse Skifahren und Snowboard an der Lenk oder Saanenm\u00f6serIn diesen beiden Heimen organisieren wir meistens unsere Ski- und Snowboardkurse f\u00fcr die 9. Klassen. \u00a0 Kurse in Aarberg zB. Musikkurs oder Medienkurs (Angebote je nach Situation) \u00a0 Langlauflager mit allen 8. KlassenWir stellen allen Sch\u00fclerinnen und Sch\u00fcler eigenes Langlaufmaterial gegen eine kleine Ausleihegeb\u00fchr zur Verf\u00fcgung. Tourenlager (Wahlangebot f\u00fcr die 8. Klassen) Austauschwochen mit unserer Partnerschule in Marburg an der Lahn (Hessen) Im September und im Juni organisieren wir gemeinsam einen Klassentausch. Elisabethschule in Marburg<\/p>\n","protected":false},"author":1,"featured_media":0,"parent":7,"menu_order":0,"comment_status":"closed","ping_status":"closed","template":"","meta":{"footnotes":""},"class_list":["post-88","page","type-page","status-publish","hentry"],"_links":{"self":[{"href":"https:\/\/realsekaarberg.ch\/index.php\/wp-json\/wp\/v2\/pages\/88","targetHints":{"allow":["GET"]}}],"collection":[{"href":"https:\/\/realsekaarberg.ch\/index.php\/wp-json\/wp\/v2\/pages"}],"about":[{"href":"https:\/\/realsekaarberg.ch\/index.php\/wp-json\/wp\/v2\/types\/page"}],"author":[{"embeddable":true,"href":"https:\/\/realsekaarberg.ch\/index.php\/wp-json\/wp\/v2\/users\/1"}],"replies":[{"embeddable":true,"href":"https:\/\/realsekaarberg.ch\/index.php\/wp-json\/wp\/v2\/comments?post=88"}],"version-history":[{"count":37,"href":"https:\/\/realsekaarberg.ch\/index.php\/wp-json\/wp\/v2\/pages\/88\/revisions"}],"predecessor-version":[{"id":762,"href":"https:\/\/realsekaarberg.ch\/index.php\/wp-json\/wp\/v2\/pages\/88\/revisions\/762"}],"up":[{"embeddable":true,"href":"https:\/\/realsekaarberg.ch\/index.php\/wp-json\/wp\/v2\/pages\/7"}],"wp:attachment":[{"href":"https:\/\/realsekaarberg.ch\/index.php\/wp-json\/wp\/v2\/media?parent=88"}],"curies":[{"name":"wp","href":"https:\/\/api.w.org\/{rel}","templated":true}]}}