{"id":885,"date":"2020-12-31T09:07:57","date_gmt":"2020-12-31T09:07:57","guid":{"rendered":"https:\/\/realsekaarberg.ch\/?page_id=885"},"modified":"2022-02-21T13:14:50","modified_gmt":"2022-02-21T13:14:50","slug":"leitbild","status":"publish","type":"page","link":"https:\/\/realsekaarberg.ch\/index.php\/ueber-uns\/leitbild\/","title":{"rendered":"Leitbild"},"content":{"rendered":"\t\t<div data-elementor-type=\"wp-page\" data-elementor-id=\"885\" class=\"elementor elementor-885\">\n\t\t\t\t\t\t<section class=\"elementor-section elementor-top-section elementor-element elementor-element-15c5f97 elementor-section-boxed elementor-section-height-default elementor-section-height-default\" data-id=\"15c5f97\" data-element_type=\"section\" data-e-type=\"section\">\n\t\t\t\t\t\t<div class=\"elementor-container elementor-column-gap-default\">\n\t\t\t\t\t<div class=\"elementor-column elementor-col-100 elementor-top-column elementor-element elementor-element-bd78844\" data-id=\"bd78844\" data-element_type=\"column\" data-e-type=\"column\">\n\t\t\t<div class=\"elementor-widget-wrap elementor-element-populated\">\n\t\t\t\t\t\t<div class=\"elementor-element elementor-element-f9b066a elementor-widget elementor-widget-text-editor\" data-id=\"f9b066a\" data-element_type=\"widget\" data-e-type=\"widget\" data-widget_type=\"text-editor.default\">\n\t\t\t\t<div class=\"elementor-widget-container\">\n\t\t\t\t\t\t\t\t\t<p><\/p>\n<h1 class=\"wp-block-heading\">Leitbild und Zusammenleben<\/h1>\n<p><\/p>\n<p><\/p>\n<p>Wir arbeiten seit 1998 mit Leitbildern. Unser aktuelles Leitbild ist schlanker und mit Beispielen versehen. Ein wichtige Grundlage ist zum Beispiel unser Projekt &#171;ZUSAMMEN LEBEN&#187;. Damit regeln wir den Umgang und die Haltungen untereinander. Die Umsetzung ist ein st\u00e4ndig laufender Prozess. Unser aktuelles\u00a0<a href=\"https:\/\/realsekaarberg.ch\/wp-content\/uploads\/2020\/08\/2019_Leitbild.pdf\" target=\"_blank\" rel=\"noreferrer noopener\">Leitbild\u00a0<\/a>ist hier erh\u00e4ltlich.<\/p>\n<p><\/p>\n<p><\/p>\n<h2><strong>Unsere Grundlagens\u00e4tze im aktuellen\u00a0Leitbild:<\/strong><\/h2>\n<p><\/p>\n<p><\/p>\n<ul class=\"wp-block-list\">\n<li>Wir bieten eine solide\u00a0Vorbereitung auf die Ausbildung\u00a0nach der obligatorischen Schulzeit, indem wir kompetent und zielgerichtet unterrichten.<\/li>\n<li>Wir st\u00e4rken die\u00a0Pers\u00f6nlichkeit\u00a0unserer Sch\u00fclerinnen und Sch\u00fcler, indem wir sie in sozialen und fachlichen Bereichen f\u00f6rdern.<\/li>\n<li>Wir setzen uns f\u00fcr die Schule ein und erwarten von den Sch\u00fclerinnen und Sch\u00fclern\u00a0Leistungsbereitschaft und Durchhaltewillen.<\/li>\n<li>Wir nutzen die Unterst\u00fctzung\u00a0externer Fachstellen\u00a0und pflegen\u00a0Kontakte\u00a0nach aussen.<\/li>\n<li>Wir fordern und f\u00f6rdern\u00a0Respekt, Toleranz, Wertsch\u00e4tzung\u00a0und\u00a0Verantwortungsbewusstsein\u00a0gegen\u00fcber Mensch und Umwelt.<\/li>\n<li>Wir legen Wert auf einen verantwortungsvollen Umgang mit Medien.<\/li>\n<li>Wir messen\u00a0gestalterischem und praktischem Arbeiten\u00a0einen hohen Stellenwert bei.<\/li>\n<li>Wir sichern und entwickeln gemeinsam die\u00a0Qualit\u00e4t\u00a0unserer Schule.<\/li>\n<li>Wir f\u00f6rdern das Zusammenleben und die pers\u00f6nliche Entwicklung der Sch\u00fclerinnen und Sch\u00fcler, indem wir interne und externe Anl\u00e4sse organisieren.<\/li>\n<\/ul>\n<h2>Zusammenleben &#8211; HAREM<\/h2>\n<p>\u00a0<\/p>\n<p><img fetchpriority=\"high\" decoding=\"async\" class=\"alignnone size-full wp-image-456\" src=\"https:\/\/tatjana-haeuselmann.ch\/real-sek-aarberg\/wp-content\/uploads\/2020\/11\/Harem.jpg\" alt=\"\" width=\"1100\" height=\"199\" srcset=\"https:\/\/realsekaarberg.ch\/wp-content\/uploads\/2020\/11\/Harem.jpg 1100w, https:\/\/realsekaarberg.ch\/wp-content\/uploads\/2020\/11\/Harem-300x54.jpg 300w, https:\/\/realsekaarberg.ch\/wp-content\/uploads\/2020\/11\/Harem-1024x185.jpg 1024w, https:\/\/realsekaarberg.ch\/wp-content\/uploads\/2020\/11\/Harem-768x139.jpg 768w, https:\/\/realsekaarberg.ch\/wp-content\/uploads\/2020\/11\/Harem-800x145.jpg 800w\" sizes=\"(max-width: 1100px) 100vw, 1100px\" \/><\/p>\n<p>Wir leben seit 2003 nach den festgehaltenen Grunds\u00e4tzen des Zusammenlebens.<br \/>Unser Leitwort\u00a0<strong>HAREM<\/strong>:\u00a0<strong>H<\/strong>inschauen,\u00a0<strong>A<\/strong>nsprechen;\u00a0<strong>RE<\/strong>agieren;\u00a0<strong>M<\/strong>elden<\/p>\n<p>\u00a0<\/p>\n<p><strong>Partnerschule der PH Bern<\/strong><\/p>\n<p>Wir sind eine <a href=\"https:\/\/www.phbern.ch\/ueber-die-phbern\/partnerschulen\">Partnerschule der PH Bern.<\/a><\/p>\n<p><\/p>\n<p><\/p>\n<p><\/p>\t\t\t\t\t\t\t\t<\/div>\n\t\t\t\t<\/div>\n\t\t\t\t\t<\/div>\n\t\t<\/div>\n\t\t\t\t\t<\/div>\n\t\t<\/section>\n\t\t\t\t<\/div>\n\t\t","protected":false},"excerpt":{"rendered":"<p>Leitbild und Zusammenleben Wir arbeiten seit 1998 mit Leitbildern. Unser aktuelles Leitbild ist schlanker und mit Beispielen versehen. Ein wichtige Grundlage ist zum Beispiel unser Projekt &#171;ZUSAMMEN LEBEN&#187;. Damit regeln wir den Umgang und die Haltungen untereinander. Die Umsetzung ist ein st\u00e4ndig laufender Prozess. Unser aktuelles\u00a0Leitbild\u00a0ist hier erh\u00e4ltlich. Unsere Grundlagens\u00e4tze im aktuellen\u00a0Leitbild: Wir bieten eine solide\u00a0Vorbereitung auf die Ausbildung\u00a0nach der obligatorischen Schulzeit, indem wir kompetent und zielgerichtet unterrichten. Wir st\u00e4rken die\u00a0Pers\u00f6nlichkeit\u00a0unserer Sch\u00fclerinnen und Sch\u00fcler, indem wir sie in sozialen und fachlichen Bereichen f\u00f6rdern. Wir setzen uns f\u00fcr die Schule ein und erwarten von den Sch\u00fclerinnen und Sch\u00fclern\u00a0Leistungsbereitschaft und Durchhaltewillen. Wir nutzen die Unterst\u00fctzung\u00a0externer Fachstellen\u00a0und pflegen\u00a0Kontakte\u00a0nach aussen. Wir fordern und f\u00f6rdern\u00a0Respekt, Toleranz, Wertsch\u00e4tzung\u00a0und\u00a0Verantwortungsbewusstsein\u00a0gegen\u00fcber Mensch und Umwelt. Wir legen Wert auf einen verantwortungsvollen Umgang mit Medien. Wir messen\u00a0gestalterischem und praktischem Arbeiten\u00a0einen hohen Stellenwert bei. Wir sichern und entwickeln gemeinsam die\u00a0Qualit\u00e4t\u00a0unserer Schule. Wir f\u00f6rdern das Zusammenleben und die pers\u00f6nliche Entwicklung der Sch\u00fclerinnen und Sch\u00fcler, indem wir interne und externe Anl\u00e4sse organisieren. Zusammenleben &#8211; HAREM \u00a0 Wir leben seit 2003 nach den festgehaltenen Grunds\u00e4tzen des Zusammenlebens.Unser Leitwort\u00a0HAREM:\u00a0Hinschauen,\u00a0Ansprechen;\u00a0REagieren;\u00a0Melden \u00a0 Partnerschule der PH Bern Wir sind eine Partnerschule der PH Bern.<\/p>\n","protected":false},"author":1,"featured_media":0,"parent":5,"menu_order":0,"comment_status":"closed","ping_status":"closed","template":"","meta":{"footnotes":""},"class_list":["post-885","page","type-page","status-publish","hentry"],"_links":{"self":[{"href":"https:\/\/realsekaarberg.ch\/index.php\/wp-json\/wp\/v2\/pages\/885","targetHints":{"allow":["GET"]}}],"collection":[{"href":"https:\/\/realsekaarberg.ch\/index.php\/wp-json\/wp\/v2\/pages"}],"about":[{"href":"https:\/\/realsekaarberg.ch\/index.php\/wp-json\/wp\/v2\/types\/page"}],"author":[{"embeddable":true,"href":"https:\/\/realsekaarberg.ch\/index.php\/wp-json\/wp\/v2\/users\/1"}],"replies":[{"embeddable":true,"href":"https:\/\/realsekaarberg.ch\/index.php\/wp-json\/wp\/v2\/comments?post=885"}],"version-history":[{"count":19,"href":"https:\/\/realsekaarberg.ch\/index.php\/wp-json\/wp\/v2\/pages\/885\/revisions"}],"predecessor-version":[{"id":2155,"href":"https:\/\/realsekaarberg.ch\/index.php\/wp-json\/wp\/v2\/pages\/885\/revisions\/2155"}],"up":[{"embeddable":true,"href":"https:\/\/realsekaarberg.ch\/index.php\/wp-json\/wp\/v2\/pages\/5"}],"wp:attachment":[{"href":"https:\/\/realsekaarberg.ch\/index.php\/wp-json\/wp\/v2\/media?parent=885"}],"curies":[{"name":"wp","href":"https:\/\/api.w.org\/{rel}","templated":true}]}}