{"id":93,"date":"2020-08-25T17:32:13","date_gmt":"2020-08-25T17:32:13","guid":{"rendered":"https:\/\/tatjana-haeuselmann.ch\/real-sek-aarberg\/?page_id=93"},"modified":"2021-08-28T05:43:34","modified_gmt":"2021-08-28T05:43:34","slug":"schuelerrat","status":"publish","type":"page","link":"https:\/\/realsekaarberg.ch\/index.php\/projekte\/schuelerrat\/","title":{"rendered":"Sch\u00fclerrat"},"content":{"rendered":"\t\t<div data-elementor-type=\"wp-page\" data-elementor-id=\"93\" class=\"elementor elementor-93\">\n\t\t\t\t\t\t<section class=\"elementor-section elementor-top-section elementor-element elementor-element-3b07ab0d elementor-section-boxed elementor-section-height-default elementor-section-height-default\" data-id=\"3b07ab0d\" data-element_type=\"section\" data-e-type=\"section\">\n\t\t\t\t\t\t<div class=\"elementor-container elementor-column-gap-default\">\n\t\t\t\t\t<div class=\"elementor-column elementor-col-100 elementor-top-column elementor-element elementor-element-ce0c191\" data-id=\"ce0c191\" data-element_type=\"column\" data-e-type=\"column\">\n\t\t\t<div class=\"elementor-widget-wrap elementor-element-populated\">\n\t\t\t\t\t\t<div class=\"elementor-element elementor-element-900f0c2 elementor-widget elementor-widget-image\" data-id=\"900f0c2\" data-element_type=\"widget\" data-e-type=\"widget\" data-widget_type=\"image.default\">\n\t\t\t\t<div class=\"elementor-widget-container\">\n\t\t\t\t\t\t\t\t\t\t\t\t\t\t\t<img fetchpriority=\"high\" decoding=\"async\" width=\"1024\" height=\"179\" src=\"https:\/\/realsekaarberg.ch\/wp-content\/uploads\/2020\/11\/Schuelerrat-1024x179.jpg\" class=\"attachment-large size-large wp-image-403\" alt=\"\" srcset=\"https:\/\/realsekaarberg.ch\/wp-content\/uploads\/2020\/11\/Schuelerrat-1024x179.jpg 1024w, https:\/\/realsekaarberg.ch\/wp-content\/uploads\/2020\/11\/Schuelerrat-300x52.jpg 300w, https:\/\/realsekaarberg.ch\/wp-content\/uploads\/2020\/11\/Schuelerrat-768x134.jpg 768w, https:\/\/realsekaarberg.ch\/wp-content\/uploads\/2020\/11\/Schuelerrat-800x140.jpg 800w, https:\/\/realsekaarberg.ch\/wp-content\/uploads\/2020\/11\/Schuelerrat.jpg 1100w\" sizes=\"(max-width: 1024px) 100vw, 1024px\" \/>\t\t\t\t\t\t\t\t\t\t\t\t\t\t\t<\/div>\n\t\t\t\t<\/div>\n\t\t\t\t<div class=\"elementor-element elementor-element-07219bb elementor-widget elementor-widget-image-box\" data-id=\"07219bb\" data-element_type=\"widget\" data-e-type=\"widget\" data-widget_type=\"image-box.default\">\n\t\t\t\t<div class=\"elementor-widget-container\">\n\t\t\t\t\t<div class=\"elementor-image-box-wrapper\"><div class=\"elementor-image-box-content\"><p class=\"elementor-image-box-description\">Seit 2005 beteiligen sich die Sch\u00fclerinnen und Sch\u00fcler an der Gestaltung ihrer Schule. Manchmal \u00e4ussern sich seine Vertreterinnen und Vertreter auch zu politischen Themen wie zum Beispiel im Interview mit dem Bieler Tagblatt zum neuen Polizeireglement.<\/p><\/div><\/div>\t\t\t\t<\/div>\n\t\t\t\t<\/div>\n\t\t\t\t<div class=\"elementor-element elementor-element-ae03a9a elementor-button-success elementor-align-center elementor-widget elementor-widget-button\" data-id=\"ae03a9a\" data-element_type=\"widget\" data-e-type=\"widget\" data-widget_type=\"button.default\">\n\t\t\t\t<div class=\"elementor-widget-container\">\n\t\t\t\t\t\t\t\t\t<div class=\"elementor-button-wrapper\">\n\t\t\t\t\t<a class=\"elementor-button elementor-button-link elementor-size-sm\" href=\"https:\/\/realsekaarberg.ch\/wp-content\/uploads\/2020\/09\/BT_SR_18_5_15.pdf\" target=\"_blank\">\n\t\t\t\t\t\t<span class=\"elementor-button-content-wrapper\">\n\t\t\t\t\t\t\t\t\t<span class=\"elementor-button-text\">Link zum Interview<\/span>\n\t\t\t\t\t<\/span>\n\t\t\t\t\t<\/a>\n\t\t\t\t<\/div>\n\t\t\t\t\t\t\t\t<\/div>\n\t\t\t\t<\/div>\n\t\t\t\t<div class=\"elementor-element elementor-element-51647aba elementor-widget elementor-widget-text-editor\" data-id=\"51647aba\" data-element_type=\"widget\" data-e-type=\"widget\" data-widget_type=\"text-editor.default\">\n\t\t\t\t<div class=\"elementor-widget-container\">\n\t\t\t\t\t\t\t\t\t<p><\/p>\n<h2><span style=\"font-size: 1.28571rem; font-weight: bold; letter-spacing: 0px;\"> <img decoding=\"async\" data-src=\"https:\/\/tatjana-haeuselmann.ch\/real-sek-aarberg\/wp-content\/uploads\/2020\/11\/SR_1.jpg\" alt=\"\" width=\"1100\" height=\"304\" src=\"data:image\/svg+xml;base64,PHN2ZyB3aWR0aD0iMSIgaGVpZ2h0PSIxIiB4bWxucz0iaHR0cDovL3d3dy53My5vcmcvMjAwMC9zdmciPjwvc3ZnPg==\" class=\"lazyload\" style=\"--smush-placeholder-width: 1100px; --smush-placeholder-aspect-ratio: 1100\/304;\" \/><\/span><\/h2>\n<h2><span style=\"font-size: 1.28571rem; font-weight: bold; letter-spacing: 0px;\">Zweck und Durchf\u00fchrung<\/span><\/h2>\n<p><\/p>\n<p><\/p>\n<p>Aus allen Klassen treffen sich etwa alle 3 Monate die jeweils 2 Sch\u00fclerratsvertretungen. Geleitet und gestaltet werden die Sitzungen unter Mithilfe der Jugendfachstelle Lyss. 2 Lehrkr\u00e4fte haben Beisitz.<\/p>\n<p>Hier die\u00a0<a href=\"https:\/\/realsekaarberg.ch\/wp-content\/uploads\/2020\/09\/SR_Leitsaetze_17.pdf\" target=\"_blank\" rel=\"noreferrer noopener\">Leits\u00e4tze<\/a>\u00a0<span style=\"font-size: 15px; letter-spacing: 0px;\">und das\u00a0<\/span><a style=\"font-size: 15px; letter-spacing: 0px;\" href=\"https:\/\/realsekaarberg.ch\/wp-content\/uploads\/2020\/09\/Konzept_Schuelerrat_18.pdf\" target=\"_blank\" rel=\"noreferrer noopener\">Konzept<\/a><span style=\"font-size: 15px; letter-spacing: 0px;\">\u00a0<\/span><span style=\"font-size: 15px; letter-spacing: 0px;\">des Sch\u00fcler\/innenrates.<\/span><\/p>\n<p>\u00a0<\/p>\n<p><\/p>\t\t\t\t\t\t\t\t<\/div>\n\t\t\t\t<\/div>\n\t\t\t\t<section class=\"elementor-section elementor-inner-section elementor-element elementor-element-1e6bedd elementor-section-boxed elementor-section-height-default elementor-section-height-default\" data-id=\"1e6bedd\" data-element_type=\"section\" data-e-type=\"section\">\n\t\t\t\t\t\t<div class=\"elementor-container elementor-column-gap-default\">\n\t\t\t\t\t<div class=\"elementor-column elementor-col-50 elementor-inner-column elementor-element elementor-element-ed70fdf\" data-id=\"ed70fdf\" data-element_type=\"column\" data-e-type=\"column\">\n\t\t\t<div class=\"elementor-widget-wrap elementor-element-populated\">\n\t\t\t\t\t\t<div class=\"elementor-element elementor-element-950878a elementor-button-success elementor-align-center elementor-widget elementor-widget-button\" data-id=\"950878a\" data-element_type=\"widget\" data-e-type=\"widget\" data-widget_type=\"button.default\">\n\t\t\t\t<div class=\"elementor-widget-container\">\n\t\t\t\t\t\t\t\t\t<div class=\"elementor-button-wrapper\">\n\t\t\t\t\t<a class=\"elementor-button elementor-button-link elementor-size-sm\" href=\"https:\/\/realsekaarberg.ch\/wp-content\/uploads\/2020\/09\/SR_Leitsaetze_17.pdf\" target=\"_blank\">\n\t\t\t\t\t\t<span class=\"elementor-button-content-wrapper\">\n\t\t\t\t\t\t\t\t\t<span class=\"elementor-button-text\">Leits\u00e4tze des Sch\u00fcler\/innenrates<\/span>\n\t\t\t\t\t<\/span>\n\t\t\t\t\t<\/a>\n\t\t\t\t<\/div>\n\t\t\t\t\t\t\t\t<\/div>\n\t\t\t\t<\/div>\n\t\t\t\t\t<\/div>\n\t\t<\/div>\n\t\t\t\t<div class=\"elementor-column elementor-col-50 elementor-inner-column elementor-element elementor-element-28d087b\" data-id=\"28d087b\" data-element_type=\"column\" data-e-type=\"column\">\n\t\t\t<div class=\"elementor-widget-wrap elementor-element-populated\">\n\t\t\t\t\t\t<div class=\"elementor-element elementor-element-fd71ba8 elementor-button-success elementor-align-center elementor-widget elementor-widget-button\" data-id=\"fd71ba8\" data-element_type=\"widget\" data-e-type=\"widget\" data-widget_type=\"button.default\">\n\t\t\t\t<div class=\"elementor-widget-container\">\n\t\t\t\t\t\t\t\t\t<div class=\"elementor-button-wrapper\">\n\t\t\t\t\t<a class=\"elementor-button elementor-button-link elementor-size-sm\" href=\"https:\/\/realsekaarberg.ch\/wp-content\/uploads\/2020\/09\/Konzept_Schuelerrat_18.pdf\" target=\"_blank\">\n\t\t\t\t\t\t<span class=\"elementor-button-content-wrapper\">\n\t\t\t\t\t\t\t\t\t<span class=\"elementor-button-text\">Konzept zum Sch\u00fclerrat<\/span>\n\t\t\t\t\t<\/span>\n\t\t\t\t\t<\/a>\n\t\t\t\t<\/div>\n\t\t\t\t\t\t\t\t<\/div>\n\t\t\t\t<\/div>\n\t\t\t\t\t<\/div>\n\t\t<\/div>\n\t\t\t\t\t<\/div>\n\t\t<\/section>\n\t\t\t\t<div class=\"elementor-element elementor-element-ff5b585 elementor-widget elementor-widget-text-editor\" data-id=\"ff5b585\" data-element_type=\"widget\" data-e-type=\"widget\" data-widget_type=\"text-editor.default\">\n\t\t\t\t<div class=\"elementor-widget-container\">\n\t\t\t\t\t\t\t\t\t<p><\/p>\n<h2><span style=\"font-size: 1.28571rem; letter-spacing: 0px;\"><img decoding=\"async\" class=\"alignnone size-full wp-image-366 lazyload\" data-src=\"https:\/\/tatjana-haeuselmann.ch\/real-sek-aarberg\/wp-content\/uploads\/2020\/11\/SR_2.jpg\" alt=\"\" width=\"1100\" height=\"265\" data-srcset=\"https:\/\/realsekaarberg.ch\/wp-content\/uploads\/2020\/11\/SR_2.jpg 1100w, https:\/\/realsekaarberg.ch\/wp-content\/uploads\/2020\/11\/SR_2-300x72.jpg 300w, https:\/\/realsekaarberg.ch\/wp-content\/uploads\/2020\/11\/SR_2-1024x247.jpg 1024w, https:\/\/realsekaarberg.ch\/wp-content\/uploads\/2020\/11\/SR_2-768x185.jpg 768w, https:\/\/realsekaarberg.ch\/wp-content\/uploads\/2020\/11\/SR_2-800x193.jpg 800w\" data-sizes=\"(max-width: 1100px) 100vw, 1100px\" src=\"data:image\/svg+xml;base64,PHN2ZyB3aWR0aD0iMSIgaGVpZ2h0PSIxIiB4bWxucz0iaHR0cDovL3d3dy53My5vcmcvMjAwMC9zdmciPjwvc3ZnPg==\" style=\"--smush-placeholder-width: 1100px; --smush-placeholder-aspect-ratio: 1100\/265;\" \/><\/span><\/h2>\t\t\t\t\t\t\t\t<\/div>\n\t\t\t\t<\/div>\n\t\t\t\t<div class=\"elementor-element elementor-element-6f3a759 elementor-widget elementor-widget-text-editor\" data-id=\"6f3a759\" data-element_type=\"widget\" data-e-type=\"widget\" data-widget_type=\"text-editor.default\">\n\t\t\t\t<div class=\"elementor-widget-container\">\n\t\t\t\t\t\t\t\t\t<p><\/p>\n<h2>Themen des Rates (Auswahl)<\/h2>\n<p><\/p>\n<p><\/p>\n<p>M\u00f6gliche Themen werden durch die Sch\u00fcler selber oder auch die Lehrerschaft eingegeben. In den einzelnen Klassen werden die Gesch\u00e4fte durch die Klassenvertretungen behandelt.<br \/>Eingeladen wird jeweils mit der\u00a0<a href=\"https:\/\/realsekaarberg.ch\/wp-content\/uploads\/2021\/01\/SR_Traktliste_4_12_20.pdf\" target=\"_blank\" rel=\"noreferrer noopener\">Traktandenliste.<\/a><\/p>\n<p>\u00a0<\/p>\n<p><strong>Beispiele von Sch\u00fclerratsprojekten oder Antr\u00e4gen:<\/strong><br \/>-Antrag f\u00fcr zus\u00e4tzliche Mikrowelle im Hortraum<br \/>-Organisation Sch\u00fclerratsfest im Mai<br \/>-Antrag zur Beschaffung von grossen Wanduhren in Spezialr\u00e4umen<br \/>-\u00dcberpr\u00fcfung der Kaugummiregeln<br \/>-\u00dcberpr\u00fcfung der Handyregeln<br \/>-Diskussion m\u00f6glicher Kleiderregeln<\/p>\n<p><\/p>\n<p><\/p>\n<p><\/p>\n<h2 class=\"wp-block-heading\">weitere Schritte<\/h2>\n<p><\/p>\n<p><\/p>\n<p>Je nach Beschluss des Sch\u00fclerrates ergibt sich ein Antrag an die Lehrerkonferenz oder ev. sogar die Schulkommission.<\/p>\n<p><\/p>\n<p><\/p>\n<h1 class=\"wp-block-heading\"><img decoding=\"async\" class=\"alignnone size-full wp-image-280 lazyload\" data-src=\"https:\/\/tatjana-haeuselmann.ch\/real-sek-aarberg\/wp-content\/uploads\/2020\/11\/Aula_2.jpg\" alt=\"\" width=\"1100\" height=\"253\" data-srcset=\"https:\/\/realsekaarberg.ch\/wp-content\/uploads\/2020\/11\/Aula_2.jpg 1100w, https:\/\/realsekaarberg.ch\/wp-content\/uploads\/2020\/11\/Aula_2-300x69.jpg 300w, https:\/\/realsekaarberg.ch\/wp-content\/uploads\/2020\/11\/Aula_2-1024x236.jpg 1024w, https:\/\/realsekaarberg.ch\/wp-content\/uploads\/2020\/11\/Aula_2-768x177.jpg 768w, https:\/\/realsekaarberg.ch\/wp-content\/uploads\/2020\/11\/Aula_2-800x184.jpg 800w\" data-sizes=\"(max-width: 1100px) 100vw, 1100px\" src=\"data:image\/svg+xml;base64,PHN2ZyB3aWR0aD0iMSIgaGVpZ2h0PSIxIiB4bWxucz0iaHR0cDovL3d3dy53My5vcmcvMjAwMC9zdmciPjwvc3ZnPg==\" style=\"--smush-placeholder-width: 1100px; --smush-placeholder-aspect-ratio: 1100\/253;\" \/><\/h1>\n<h1>Schulfest des Sch\u00fclerInnenrates<\/h1>\n<p><\/p>\n<p><\/p>\n<p>Seit\u00a0<strong>Mai 2011<\/strong>\u00a0organisiert der\u00a0<strong>Sch\u00fclerInnenrat<\/strong>\u00a0unter Mithilfe der Jugendfachstelle und des Kollegiums<strong>\u00a0ein kleines Schulfest<\/strong>\u00a0unter dem Motto &#171;Movie-Night&#187;. Eingeladen sind nur Sch\u00fclerInnen der eigenen Schule. In friedlicher Stimmung werden Bratw\u00fcrste verkauft und anschliessend in der Aula und Turnhalle im geschlossenen Kreis ein Filmprojekt gezeigt.<br \/>Die Anl\u00e4sse waren ein voller Erfolg, herzliche Gratulation den Organisatoren!<\/p>\n<p><\/p>\n<p><\/p>\n<p>Die Anl\u00e4sse werden anfangs Jahr in die Jahresplanung der Schule aufgenommen.<\/p>\n<p><\/p>\n<p><\/p>\n<figure class=\"wp-block-gallery columns-3 is-cropped wp-block-gallery-2 is-layout-flex wp-block-gallery-is-layout-flex\">\n<figure><\/figure>\n<\/figure>\n<p><\/p>\n<p><\/p>\n<h1 class=\"wp-block-heading\"><img decoding=\"async\" class=\"alignnone size-full wp-image-503 lazyload\" data-src=\"https:\/\/tatjana-haeuselmann.ch\/real-sek-aarberg\/wp-content\/uploads\/2020\/11\/Strassburg2.jpg\" alt=\"\" width=\"1100\" height=\"142\" data-srcset=\"https:\/\/realsekaarberg.ch\/wp-content\/uploads\/2020\/11\/Strassburg2.jpg 1100w, https:\/\/realsekaarberg.ch\/wp-content\/uploads\/2020\/11\/Strassburg2-300x39.jpg 300w, https:\/\/realsekaarberg.ch\/wp-content\/uploads\/2020\/11\/Strassburg2-1024x132.jpg 1024w, https:\/\/realsekaarberg.ch\/wp-content\/uploads\/2020\/11\/Strassburg2-768x99.jpg 768w, https:\/\/realsekaarberg.ch\/wp-content\/uploads\/2020\/11\/Strassburg2-800x103.jpg 800w\" data-sizes=\"(max-width: 1100px) 100vw, 1100px\" src=\"data:image\/svg+xml;base64,PHN2ZyB3aWR0aD0iMSIgaGVpZ2h0PSIxIiB4bWxucz0iaHR0cDovL3d3dy53My5vcmcvMjAwMC9zdmciPjwvc3ZnPg==\" style=\"--smush-placeholder-width: 1100px; --smush-placeholder-aspect-ratio: 1100\/142;\" \/><\/h1>\n<h1>Exkursion des Sch\u00fclerrates nach Strassburg<\/h1>\n<p><\/p>\n<p><\/p>\n<p><\/p>\n<p><\/p>\n<p><\/p>\n<p><\/p>\n<p>In den letzten Jahren f\u00fchrte der Sch\u00fclerinnen- und Sch\u00fclerrat jeweils im Januar eine Exkursion zum Europaparlament durch. Meist l\u00e4sst sich dort auch ein kurzes Gespr\u00e4ch mit einer Vertretung der Schweizer Delegation organisieren. ParlamentarierInnen der Schule treffen international t\u00e4tige ParlamentarierInnen!<br \/><br \/><\/p>\n<p><\/p>\t\t\t\t\t\t\t\t<\/div>\n\t\t\t\t<\/div>\n\t\t\t\t\t<\/div>\n\t\t<\/div>\n\t\t\t\t\t<\/div>\n\t\t<\/section>\n\t\t\t\t<\/div>\n\t\t","protected":false},"excerpt":{"rendered":"<p>Seit 2005 beteiligen sich die Sch\u00fclerinnen und Sch\u00fcler an der Gestaltung ihrer Schule. Manchmal \u00e4ussern sich seine Vertreterinnen und Vertreter auch zu politischen Themen wie zum Beispiel im Interview mit dem Bieler Tagblatt zum neuen Polizeireglement. Link zum Interview Zweck und Durchf\u00fchrung Aus allen Klassen treffen sich etwa alle 3 Monate die jeweils 2 Sch\u00fclerratsvertretungen. Geleitet und gestaltet werden die Sitzungen unter Mithilfe der Jugendfachstelle Lyss. 2 Lehrkr\u00e4fte haben Beisitz. Hier die\u00a0Leits\u00e4tze\u00a0und das\u00a0Konzept\u00a0des Sch\u00fcler\/innenrates. \u00a0 Leits\u00e4tze des Sch\u00fcler\/innenrates Konzept zum Sch\u00fclerrat<\/p>\n","protected":false},"author":1,"featured_media":0,"parent":7,"menu_order":0,"comment_status":"closed","ping_status":"closed","template":"","meta":{"footnotes":""},"class_list":["post-93","page","type-page","status-publish","hentry"],"_links":{"self":[{"href":"https:\/\/realsekaarberg.ch\/index.php\/wp-json\/wp\/v2\/pages\/93","targetHints":{"allow":["GET"]}}],"collection":[{"href":"https:\/\/realsekaarberg.ch\/index.php\/wp-json\/wp\/v2\/pages"}],"about":[{"href":"https:\/\/realsekaarberg.ch\/index.php\/wp-json\/wp\/v2\/types\/page"}],"author":[{"embeddable":true,"href":"https:\/\/realsekaarberg.ch\/index.php\/wp-json\/wp\/v2\/users\/1"}],"replies":[{"embeddable":true,"href":"https:\/\/realsekaarberg.ch\/index.php\/wp-json\/wp\/v2\/comments?post=93"}],"version-history":[{"count":75,"href":"https:\/\/realsekaarberg.ch\/index.php\/wp-json\/wp\/v2\/pages\/93\/revisions"}],"predecessor-version":[{"id":1578,"href":"https:\/\/realsekaarberg.ch\/index.php\/wp-json\/wp\/v2\/pages\/93\/revisions\/1578"}],"up":[{"embeddable":true,"href":"https:\/\/realsekaarberg.ch\/index.php\/wp-json\/wp\/v2\/pages\/7"}],"wp:attachment":[{"href":"https:\/\/realsekaarberg.ch\/index.php\/wp-json\/wp\/v2\/media?parent=93"}],"curies":[{"name":"wp","href":"https:\/\/api.w.org\/{rel}","templated":true}]}}